{"id":9822,"date":"2025-02-06T19:09:09","date_gmt":"2025-02-06T18:09:09","guid":{"rendered":"https:\/\/www.gisoojewels.ch\/?post_type=product&#038;p=9822"},"modified":"2025-02-06T19:20:04","modified_gmt":"2025-02-06T18:20:04","slug":"pendentif-oeil-protecteur-elegance-121-v","status":"publish","type":"product","link":"https:\/\/www.gisoojewels.ch\/en\/shop\/pendentif-oeil-protecteur-elegance-121-v\/","title":{"rendered":"Pendentif \u0152il Protecteur &#8211; \u00c9L\u00c9GANCE 121 V"},"content":{"rendered":"<p>Le <strong>Pendentif \u0152il Protecteur &#8211; \u00c9L\u00c9GANCE 121V<\/strong> est bien plus qu\u2019un simple bijou : il incarne la protection et la sophistication. Con\u00e7u avec une minutie exceptionnelle, il est serti de magnifiques <strong>pierres \u00c9meraude CZ<\/strong> et de <strong>Diamants CZ<\/strong>, offrant une brillance exquise qui attire tous les regards. Son design en forme d\u2019\u0153il symbolise la chance et la protection contre les \u00e9nergies n\u00e9gatives, en faisant un accessoire \u00e0 la fois spirituel et \u00e9l\u00e9gant.<\/p>\n<p>Fabriqu\u00e9 en <strong>cuivre environnemental<\/strong> et sublim\u00e9 par un <strong>plaquage en or 18 carats<\/strong>, ce pendentif garantit une finition de qualit\u00e9 et une r\u00e9sistance accrue \u00e0 l\u2019usure. Ses <strong>dimensions id\u00e9ales de 11 mm de largeur et 27 mm de longueur<\/strong> le rendent parfait pour un port quotidien ou pour une occasion sp\u00e9ciale.<\/p>\n<p>En plus de son esth\u00e9tique raffin\u00e9e, ce bijou est <strong>hypoallerg\u00e9nique<\/strong>, ne contenant ni nickel ni plomb, assurant ainsi un confort optimal, m\u00eame pour les peaux sensibles. Le <strong>Pendentif \u0152il Protecteur &#8211; \u00c9L\u00c9GANCE 121V<\/strong> est une pi\u00e8ce pr\u00e9cieuse qui allie raffinement, spiritualit\u00e9 et qualit\u00e9, id\u00e9al pour offrir ou se faire plaisir.<\/p>\n","protected":false},"excerpt":{"rendered":"<p>Apportez une touche mystique et protectrice \u00e0 votre style avec le <strong>Pendentif \u0152il Protecteur &#8211; \u00c9L\u00c9GANCE 121V<\/strong>, une pi\u00e8ce raffin\u00e9e et \u00e9clatante. Orn\u00e9 de <strong>pierres \u00c9meraude CZ<\/strong> et de <strong>Diamants CZ<\/strong>, ce pendentif en <strong>cuivre environnemental<\/strong> plaqu\u00e9 <strong>or 18 carats<\/strong> offre un \u00e9clat somptueux. Hypoallerg\u00e9nique et <strong>sans nickel ni plomb<\/strong>, il assure un confort absolu aux peaux sensibles. Ses <strong>dimensions de 27 mm x 11 mm<\/strong> en font un bijou aussi discret qu\u2019\u00e9l\u00e9gant, parfait pour toutes les occasions.<\/p>\n","protected":false},"featured_media":9818,"comment_status":"open","ping_status":"closed","template":"","meta":[],"product_brand":[1582],"product_cat":[530,529],"product_tag":[1451,1452,1112,1446,1192,1169,1108,1208,1111,1310,1448,1444,1449,1450,1447,1445],"class_list":{"0":"post-9822","1":"product","2":"type-product","3":"status-publish","4":"has-post-thumbnail","6":"product_brand-gisoo-jewels-2","7":"product_cat-pendentifs","8":"product_cat-elegance-fr","9":"product_tag-bijou-feminin","10":"product_tag-bijou-mode","11":"product_tag-bijouterie-suisse","12":"product_tag-bijoux-hypoallergenique","13":"product_tag-bijoux-plaque-or","14":"product_tag-bijoux-suisses","15":"product_tag-bijoux-tendance","16":"product_tag-elegance-suisse","17":"product_tag-gisoo-jewels","18":"product_tag-pendentif-luxe","19":"product_tag-pendentif-oeil-bleu","20":"product_tag-pendentif-oeil-protecteur","21":"product_tag-pendentif-porte-bonheur","22":"product_tag-pendentif-protection","23":"product_tag-pendentif-raffine","24":"product_tag-pendentif-saphir-bleu","25":"pa_color-or-18-carats","26":"pa_gemstone-diamant-cz","27":"pa_gemstone-emeraude-cz","28":"pa_length-27-mm","30":"first","31":"instock","32":"featured","33":"shipping-taxable","34":"purchasable","35":"product-type-simple"},"_links":{"self":[{"href":"https:\/\/www.gisoojewels.ch\/en\/wp-json\/wp\/v2\/product\/9822","targetHints":{"allow":["GET"]}}],"collection":[{"href":"https:\/\/www.gisoojewels.ch\/en\/wp-json\/wp\/v2\/product"}],"about":[{"href":"https:\/\/www.gisoojewels.ch\/en\/wp-json\/wp\/v2\/types\/product"}],"replies":[{"embeddable":true,"href":"https:\/\/www.gisoojewels.ch\/en\/wp-json\/wp\/v2\/comments?post=9822"}],"version-history":[{"count":0,"href":"https:\/\/www.gisoojewels.ch\/en\/wp-json\/wp\/v2\/product\/9822\/revisions"}],"wp:featuredmedia":[{"embeddable":true,"href":"https:\/\/www.gisoojewels.ch\/en\/wp-json\/wp\/v2\/media\/9818"}],"wp:attachment":[{"href":"https:\/\/www.gisoojewels.ch\/en\/wp-json\/wp\/v2\/media?parent=9822"}],"wp:term":[{"taxonomy":"product_brand","embeddable":true,"href":"https:\/\/www.gisoojewels.ch\/en\/wp-json\/wp\/v2\/product_brand?post=9822"},{"taxonomy":"product_cat","embeddable":true,"href":"https:\/\/www.gisoojewels.ch\/en\/wp-json\/wp\/v2\/product_cat?post=9822"},{"taxonomy":"product_tag","embeddable":true,"href":"https:\/\/www.gisoojewels.ch\/en\/wp-json\/wp\/v2\/product_tag?post=9822"}],"curies":[{"name":"wp","href":"https:\/\/api.w.org\/{rel}","templated":true}]}}