{"id":9814,"date":"2025-02-06T19:07:44","date_gmt":"2025-02-06T18:07:44","guid":{"rendered":"https:\/\/www.gisoojewels.ch\/?post_type=product&#038;p=9814"},"modified":"2025-02-06T19:08:14","modified_gmt":"2025-02-06T18:08:14","slug":"pendentif-oeil-protecteur-elegance-121-b","status":"publish","type":"product","link":"https:\/\/www.gisoojewels.ch\/en\/shop\/pendentif-oeil-protecteur-elegance-121-b\/","title":{"rendered":"Pendentif \u0152il Protecteur &#8211; \u00c9L\u00c9GANCE 121 B"},"content":{"rendered":"<p>D\u00e9couvrez le charme intemporel du <strong>Pendentif \u0152il Protecteur &#8211; \u00c9L\u00c9GANCE 121B<\/strong>, un bijou d\u2019exception qui conjugue luxe et signification profonde. Ce pendentif est magnifiquement orn\u00e9 de <strong>Saphirs bleus CZ<\/strong> et de <strong>Diamants CZ<\/strong>, cr\u00e9ant un \u00e9clat captivant qui sublime chaque tenue. Fabriqu\u00e9 en <strong>cuivre environnemental<\/strong> et recouvert d\u2019une somptueuse couche d\u2019<strong>or 18 carats<\/strong>, il offre une finition haut de gamme et une grande r\u00e9sistance \u00e0 l\u2019usure.<\/p>\n<p>Avec une <strong>largeur de 11 mm et une longueur de 27 mm<\/strong>, ce pendentif d\u00e9licatement travaill\u00e9 apporte une touche sophistiqu\u00e9e et protectrice. Son design en forme d\u2019\u0153il symbolise la vigilance et la bonne fortune, en faisant un accessoire incontournable pour celles et ceux qui recherchent une alliance entre style et spiritualit\u00e9.<\/p>\n<p>De plus, ce bijou est <strong>hypoallerg\u00e9nique<\/strong>, <strong>sans nickel ni plomb<\/strong>, garantissant un confort optimal m\u00eame pour les peaux les plus sensibles. Parfait pour un usage quotidien ou comme cadeau symbolique, le <strong>Pendentif \u0152il Protecteur &#8211; \u00c9L\u00c9GANCE 121B<\/strong> incarne l\u2019\u00e9l\u00e9gance et la protection avec une touche moderne.<\/p>\n","protected":false},"excerpt":{"rendered":"<p>Sublimez votre \u00e9l\u00e9gance avec le <strong>Pendentif \u0152il Protecteur &#8211; \u00c9L\u00c9GANCE 121B<\/strong>, un bijou raffin\u00e9 con\u00e7u pour apporter protection et \u00e9clat \u00e0 votre tenue. Orn\u00e9 de <strong>Saphirs bleus CZ<\/strong> scintillants et de <strong>Diamants CZ<\/strong>, ce pendentif en <strong>cuivre environnemental<\/strong> plaqu\u00e9 <strong>or 18 carats<\/strong> allie luxe et durabilit\u00e9. Hypoallerg\u00e9nique et <strong>sans nickel ni plomb<\/strong>, il est id\u00e9al pour les peaux sensibles. Avec ses <strong>dimensions de 27 mm x 11 mm<\/strong>, ce bijou est un symbole intemporel de chance et de sophistication.<\/p>\n","protected":false},"featured_media":9815,"comment_status":"open","ping_status":"closed","template":"","meta":[],"product_brand":[1582],"product_cat":[530,529],"product_tag":[1451,1452,1112,1446,1192,1169,1108,1208,1111,1310,1448,1444,1449,1450,1447,1445],"class_list":{"0":"post-9814","1":"product","2":"type-product","3":"status-publish","4":"has-post-thumbnail","6":"product_brand-gisoo-jewels-2","7":"product_cat-pendentifs","8":"product_cat-elegance-fr","9":"product_tag-bijou-feminin","10":"product_tag-bijou-mode","11":"product_tag-bijouterie-suisse","12":"product_tag-bijoux-hypoallergenique","13":"product_tag-bijoux-plaque-or","14":"product_tag-bijoux-suisses","15":"product_tag-bijoux-tendance","16":"product_tag-elegance-suisse","17":"product_tag-gisoo-jewels","18":"product_tag-pendentif-luxe","19":"product_tag-pendentif-oeil-bleu","20":"product_tag-pendentif-oeil-protecteur","21":"product_tag-pendentif-porte-bonheur","22":"product_tag-pendentif-protection","23":"product_tag-pendentif-raffine","24":"product_tag-pendentif-saphir-bleu","25":"pa_color-or-18-carats","26":"pa_gemstone-diamant-cz","27":"pa_gemstone-saphir-bleu-cz","28":"pa_length-27-mm","30":"first","31":"instock","32":"shipping-taxable","33":"purchasable","34":"product-type-simple"},"_links":{"self":[{"href":"https:\/\/www.gisoojewels.ch\/en\/wp-json\/wp\/v2\/product\/9814","targetHints":{"allow":["GET"]}}],"collection":[{"href":"https:\/\/www.gisoojewels.ch\/en\/wp-json\/wp\/v2\/product"}],"about":[{"href":"https:\/\/www.gisoojewels.ch\/en\/wp-json\/wp\/v2\/types\/product"}],"replies":[{"embeddable":true,"href":"https:\/\/www.gisoojewels.ch\/en\/wp-json\/wp\/v2\/comments?post=9814"}],"version-history":[{"count":0,"href":"https:\/\/www.gisoojewels.ch\/en\/wp-json\/wp\/v2\/product\/9814\/revisions"}],"wp:featuredmedia":[{"embeddable":true,"href":"https:\/\/www.gisoojewels.ch\/en\/wp-json\/wp\/v2\/media\/9815"}],"wp:attachment":[{"href":"https:\/\/www.gisoojewels.ch\/en\/wp-json\/wp\/v2\/media?parent=9814"}],"wp:term":[{"taxonomy":"product_brand","embeddable":true,"href":"https:\/\/www.gisoojewels.ch\/en\/wp-json\/wp\/v2\/product_brand?post=9814"},{"taxonomy":"product_cat","embeddable":true,"href":"https:\/\/www.gisoojewels.ch\/en\/wp-json\/wp\/v2\/product_cat?post=9814"},{"taxonomy":"product_tag","embeddable":true,"href":"https:\/\/www.gisoojewels.ch\/en\/wp-json\/wp\/v2\/product_tag?post=9814"}],"curies":[{"name":"wp","href":"https:\/\/api.w.org\/{rel}","templated":true}]}}