{"id":9520,"date":"2024-11-29T23:09:04","date_gmt":"2024-11-29T22:09:04","guid":{"rendered":"https:\/\/www.gisoojewels.ch\/?post_type=product&#038;p=9520"},"modified":"2024-12-16T12:32:51","modified_gmt":"2024-12-16T11:32:51","slug":"boucles-doreilles-perle-845","status":"publish","type":"product","link":"https:\/\/www.gisoojewels.ch\/en\/shop\/boucles-doreilles-perle-845\/","title":{"rendered":"Boucles d&#8217;oreilles Perle Intemporelle &#8211; AQUA CHIC 845 (Plaqu\u00e9 Or)"},"content":{"rendered":"<p>Les <a href=\"https:\/\/www.gisoojewels.ch\/fr\/categorie-produit\/boucles-doreilles\/\">boucles d&#8217;oreilles<\/a> Perle Intemporelle &#8211; <a href=\"https:\/\/www.gisoojewels.ch\/fr\/categorie-produit\/aqua-chic-fr\/\">AQUA CHIC<\/a> 845 sont le symbole du raffinement et de l&#8217;\u00e9l\u00e9gance intemporelle. Fabriqu\u00e9es en acier inoxydable plaqu\u00e9 or de haute qualit\u00e9, ces boucles d&#8217;oreilles sont r\u00e9sistantes \u00e0 l&#8217;eau et parfaites pour un usage quotidien ou pour accompagner vos tenues de soir\u00e9e. Choisie pour refl\u00e9ter l&#8217;\u00e9l\u00e9gance suisse, elles mettent en avant une pr\u00e9cision et un souci du d\u00e9tail in\u00e9gal\u00e9s.<\/p>\n<p>Chaque <a href=\"https:\/\/www.gisoojewels.ch\/fr\/categorie-produit\/boucles-doreilles\/\">boucle<\/a> est orn\u00e9e d&#8217;une perle blanche lumineuse, ajoutant une touche de sophistication classique \u00e0 votre look. Avec des dimensions \u00e9quilibr\u00e9es (15 mm de largeur et 20 mm de longueur), elles sont l\u00e9g\u00e8res et confortables. Le fermoir papillon assure une facilit\u00e9 d\u2019utilisation tout en offrant un maintien s\u00e9curis\u00e9. Hypoallerg\u00e9niques et sans nickel ni plomb, elles conviennent parfaitement aux peaux sensibles, garantissant une exp\u00e9rience agr\u00e9able et sans irritation.<\/p>\n<p>Polyvalentes et \u00e9l\u00e9gantes, les <a href=\"https:\/\/www.gisoojewels.ch\/fr\/categorie-produit\/boucles-doreilles\/\">boucles d&#8217;oreilles<\/a> <a href=\"https:\/\/www.gisoojewels.ch\/fr\/categorie-produit\/aqua-chic-fr\/\">AQUA CHIC<\/a> 845 sont id\u00e9ales pour rehausser votre style ou comme cadeau parfait pour un \u00eatre cher. Faites-en l&#8217;embl\u00e8me de votre sophistication avec ce bijou intemporel.<\/p>\n","protected":false},"excerpt":{"rendered":"<p>Laissez-vous s\u00e9duire par les <a href=\"https:\/\/www.gisoojewels.ch\/fr\/categorie-produit\/boucles-doreilles\/\">boucles d&#8217;oreilles<\/a> Perle Intemporelle <a href=\"https:\/\/www.gisoojewels.ch\/fr\/categorie-produit\/aqua-chic-fr\/\">AQUA CHIC<\/a> 845. R\u00e9alis\u00e9es en acier plaqu\u00e9 or r\u00e9sistant \u00e0 l&#8217;eau, elles associent un design choisi pour refl\u00e9ter l&#8217;\u00e9l\u00e9gance suisse et une perle blanche lumineuse. Avec leur finition hypoallerg\u00e9nique sans nickel ni plomb et leur fermoir papillon pratique, elles sont parfaites pour sublimer votre style au quotidien.<\/p>\n","protected":false},"featured_media":9513,"comment_status":"open","ping_status":"closed","template":"","meta":[],"product_brand":[],"product_cat":[890,388,390,387,389],"product_tag":[],"class_list":{"0":"post-9520","1":"product","2":"type-product","3":"status-publish","4":"has-post-thumbnail","6":"product_cat-clous-doreilles","7":"product_cat-acier-inoxydable","8":"product_cat-aqua-chic-fr","9":"product_cat-boucles-doreilles","10":"product_cat-resistante-a-l-eau","11":"pa_clasp-fermoir-papillon","12":"pa_color-plaque_or","13":"pa_earring-type-clous-d-oreilles","14":"pa_gemstone-perle-blanche","15":"pa_length-20-mm","17":"first","18":"instock","19":"shipping-taxable","20":"purchasable","21":"product-type-simple"},"_links":{"self":[{"href":"https:\/\/www.gisoojewels.ch\/en\/wp-json\/wp\/v2\/product\/9520","targetHints":{"allow":["GET"]}}],"collection":[{"href":"https:\/\/www.gisoojewels.ch\/en\/wp-json\/wp\/v2\/product"}],"about":[{"href":"https:\/\/www.gisoojewels.ch\/en\/wp-json\/wp\/v2\/types\/product"}],"replies":[{"embeddable":true,"href":"https:\/\/www.gisoojewels.ch\/en\/wp-json\/wp\/v2\/comments?post=9520"}],"version-history":[{"count":0,"href":"https:\/\/www.gisoojewels.ch\/en\/wp-json\/wp\/v2\/product\/9520\/revisions"}],"wp:featuredmedia":[{"embeddable":true,"href":"https:\/\/www.gisoojewels.ch\/en\/wp-json\/wp\/v2\/media\/9513"}],"wp:attachment":[{"href":"https:\/\/www.gisoojewels.ch\/en\/wp-json\/wp\/v2\/media?parent=9520"}],"wp:term":[{"taxonomy":"product_brand","embeddable":true,"href":"https:\/\/www.gisoojewels.ch\/en\/wp-json\/wp\/v2\/product_brand?post=9520"},{"taxonomy":"product_cat","embeddable":true,"href":"https:\/\/www.gisoojewels.ch\/en\/wp-json\/wp\/v2\/product_cat?post=9520"},{"taxonomy":"product_tag","embeddable":true,"href":"https:\/\/www.gisoojewels.ch\/en\/wp-json\/wp\/v2\/product_tag?post=9520"}],"curies":[{"name":"wp","href":"https:\/\/api.w.org\/{rel}","templated":true}]}}