{"id":9512,"date":"2024-11-29T23:07:49","date_gmt":"2024-11-29T22:07:49","guid":{"rendered":"https:\/\/www.gisoojewels.ch\/?post_type=product&#038;p=9512"},"modified":"2024-11-29T23:48:07","modified_gmt":"2024-11-29T22:48:07","slug":"boucles-doreilles-perle-878","status":"publish","type":"product","link":"https:\/\/www.gisoojewels.ch\/en\/shop\/boucles-doreilles-perle-878\/","title":{"rendered":"Boucles d&#8217;oreilles Perle Intemporelle &#8211; AQUA CHIC 878 (Acier)"},"content":{"rendered":"<p>Les <a href=\"https:\/\/www.gisoojewels.ch\/fr\/categorie-produit\/boucles-doreilles\/\">boucles d&#8217;oreilles<\/a> Perle Intemporelle &#8211; <a href=\"https:\/\/www.gisoojewels.ch\/fr\/categorie-produit\/aqua-chic-fr\/\">AQUA CHIC<\/a> 878 incarnent la parfaite alliance entre design intemporel et fonctionnalit\u00e9 moderne. Con\u00e7ues en acier inoxydable de haute qualit\u00e9, ces <a href=\"https:\/\/www.gisoojewels.ch\/fr\/categorie-produit\/boucles-doreilles\/\">boucles d&#8217;oreilles<\/a> r\u00e9sistent \u00e0 l&#8217;eau et aux effets du temps, en faisant un choix durable et raffin\u00e9 pour toutes les occasions. Choisie pour incarner l&#8217;\u00e9l\u00e9gance suisse, elles refl\u00e8tent un savoir-faire exceptionnel et une esth\u00e9tique sophistiqu\u00e9e.<\/p>\n<p>Orn\u00e9es d\u2019une perle blanche classique, ces boucles d\u2019oreilles offrent une touche de gr\u00e2ce et de simplicit\u00e9. Leur taille \u00e9quilibr\u00e9e (15 mm de largeur et 20 mm de longueur) en fait un choix id\u00e9al pour accompagner vos tenues quotidiennes ou rehausser votre \u00e9l\u00e9gance lors d\u2019occasions sp\u00e9ciales. Le fermoir papillon assure un maintien s\u00e9curis\u00e9 et un port confortable, m\u00eame pour une utilisation prolong\u00e9e. De plus, leur composition hypoallerg\u00e9nique, sans nickel ni plomb, garantit qu&#8217;elles sont parfaitement adapt\u00e9es aux peaux sensibles.<\/p>\n<p>Exprimez votre style unique avec les <a href=\"https:\/\/www.gisoojewels.ch\/fr\/categorie-produit\/boucles-doreilles\/\">boucles d\u2019oreilles<\/a> AQUA CHIC 878, un bijou intemporel qui symbolise \u00e9l\u00e9gance et durabilit\u00e9. Parfaites pour vous ou comme cadeau inoubliable.<\/p>\n","protected":false},"excerpt":{"rendered":"<p>\u00c9levez votre style avec les <a href=\"https:\/\/www.gisoojewels.ch\/fr\/categorie-produit\/boucles-doreilles\/\">boucles d&#8217;oreilles<\/a> Perle Intemporelle <a href=\"https:\/\/www.gisoojewels.ch\/fr\/categorie-produit\/aqua-chic-fr\/\">AQUA CHIC<\/a> 878. Fabriqu\u00e9es en acier inoxydable r\u00e9sistant \u00e0 l&#8217;eau, elles allient haute qualit\u00e9 et confort avec une finition hypoallerg\u00e9nique sans nickel ni plomb. Choisie pour incarner l&#8217;\u00e9l\u00e9gance suisse, elles arborent une perle blanche \u00e9clatante et un fermoir papillon pratique, parfaites pour sublimer chaque tenue.<\/p>\n","protected":false},"featured_media":9516,"comment_status":"open","ping_status":"closed","template":"","meta":[],"product_brand":[],"product_cat":[890,388,390,387,389],"product_tag":[1059,1112,1113,1204,1169,1179,1206,894,1208,1207,1180,1203,1060,1181,1182],"class_list":{"0":"post-9512","1":"product","2":"type-product","3":"status-publish","4":"has-post-thumbnail","6":"product_cat-clous-doreilles","7":"product_cat-acier-inoxydable","8":"product_cat-aqua-chic-fr","9":"product_cat-boucles-doreilles","10":"product_cat-resistante-a-l-eau","11":"product_tag-acier-inoxydable","12":"product_tag-bijouterie-suisse","13":"product_tag-bijoux-hypoallergeniques-2","14":"product_tag-bijoux-intemporels","15":"product_tag-bijoux-suisses","16":"product_tag-boucles-doreilles-2","17":"product_tag-boucles-doreilles-en-acier","18":"product_tag-clous-doreilles","19":"product_tag-elegance-suisse","20":"product_tag-haute-qualite","21":"product_tag-hypoallergenique","22":"product_tag-perle-blanche","23":"product_tag-resistantes-a-leau","24":"product_tag-sans-nickel-2","25":"product_tag-sans-plomb-2","26":"pa_clasp-fermoir-papillon","27":"pa_color-acier","28":"pa_earring-type-clous-d-oreilles","29":"pa_gemstone-perle-blanche","30":"pa_length-20-mm","32":"first","33":"outofstock","34":"shipping-taxable","35":"purchasable","36":"product-type-simple"},"_links":{"self":[{"href":"https:\/\/www.gisoojewels.ch\/en\/wp-json\/wp\/v2\/product\/9512","targetHints":{"allow":["GET"]}}],"collection":[{"href":"https:\/\/www.gisoojewels.ch\/en\/wp-json\/wp\/v2\/product"}],"about":[{"href":"https:\/\/www.gisoojewels.ch\/en\/wp-json\/wp\/v2\/types\/product"}],"replies":[{"embeddable":true,"href":"https:\/\/www.gisoojewels.ch\/en\/wp-json\/wp\/v2\/comments?post=9512"}],"version-history":[{"count":0,"href":"https:\/\/www.gisoojewels.ch\/en\/wp-json\/wp\/v2\/product\/9512\/revisions"}],"wp:featuredmedia":[{"embeddable":true,"href":"https:\/\/www.gisoojewels.ch\/en\/wp-json\/wp\/v2\/media\/9516"}],"wp:attachment":[{"href":"https:\/\/www.gisoojewels.ch\/en\/wp-json\/wp\/v2\/media?parent=9512"}],"wp:term":[{"taxonomy":"product_brand","embeddable":true,"href":"https:\/\/www.gisoojewels.ch\/en\/wp-json\/wp\/v2\/product_brand?post=9512"},{"taxonomy":"product_cat","embeddable":true,"href":"https:\/\/www.gisoojewels.ch\/en\/wp-json\/wp\/v2\/product_cat?post=9512"},{"taxonomy":"product_tag","embeddable":true,"href":"https:\/\/www.gisoojewels.ch\/en\/wp-json\/wp\/v2\/product_tag?post=9512"}],"curies":[{"name":"wp","href":"https:\/\/api.w.org\/{rel}","templated":true}]}}