{"id":8897,"date":"2024-10-09T17:58:40","date_gmt":"2024-10-09T15:58:40","guid":{"rendered":"https:\/\/www.gisoojewels.ch\/?post_type=product&#038;p=8897"},"modified":"2024-11-14T15:01:36","modified_gmt":"2024-11-14T14:01:36","slug":"boucles-doreilles-eclat-du-renard-cristal-584","status":"publish","type":"product","link":"https:\/\/www.gisoojewels.ch\/en\/shop\/boucles-doreilles-eclat-du-renard-cristal-584\/","title":{"rendered":"Boucles d&#8217;oreilles \u00c9clat du Renard &#8211; CRISTAL 584"},"content":{"rendered":"<p>D\u00e9couvrez l&#8217;\u00e9l\u00e9gance sophistiqu\u00e9e des <strong>Boucles d&#8217;oreilles \u00c9clat du Renard &#8211; CRISTAL 584<\/strong>, un accessoire \u00e0 la fois chic et moderne qui sublime votre style en toute occasion. Ces boucles d&#8217;oreilles en forme de renard sont finement con\u00e7ues en cuivre environnemental et plaqu\u00e9es en or blanc argent\u00e9, assurant une qualit\u00e9 durable et respectueuse de l&#8217;environnement.<\/p>\n<p>Orn\u00e9es de magnifiques cristaux roses qui imitent l&#8217;\u00e9clat des diamants roses, elles ajoutent une touche subtile mais glamour \u00e0 votre look. Avec une largeur de 7 mm et une longueur de 12 mm, ces clous d&#8217;oreilles s&#8217;adaptent parfaitement \u00e0 toute morphologie. Leur fermoir papillon garantit un maintien s\u00fbr et confortable tout au long de la journ\u00e9e.<\/p>\n<p>Sans nickel ni plomb, ces boucles d&#8217;oreilles sont sp\u00e9cialement con\u00e7ues pour les peaux sensibles, vous offrant un confort optimal m\u00eame lors d\u2019un usage prolong\u00e9. Id\u00e9ales pour compl\u00e9ter votre collection de bijoux ou pour offrir en cadeau, les <strong>Boucles d&#8217;oreilles \u00c9clat du Renard<\/strong> deviendront rapidement un essentiel de votre bo\u00eete \u00e0 bijoux.<\/p>\n","protected":false},"excerpt":{"rendered":"<p>\u00c9l\u00e9gantes et raffin\u00e9es, les <strong>Boucles d&#8217;oreilles \u00c9clat du Renard &#8211; CRISTAL 584<\/strong> sont orn\u00e9es de cristaux roses qui captivent la lumi\u00e8re. Fabriqu\u00e9es en cuivre environnemental avec un placage en or blanc, elles sont hypoallerg\u00e9niques et parfaites pour les peaux sensibles. Ces clous d&#8217;oreilles mesurent 7 mm de largeur et 12 mm de longueur, avec un fermoir papillon s\u00e9curis\u00e9 pour un confort optimal.<\/p>\n","protected":false},"featured_media":9317,"comment_status":"open","ping_status":"closed","template":"","meta":[],"product_brand":[],"product_cat":[890,387,598],"product_tag":[],"class_list":{"0":"post-8897","1":"product","2":"type-product","3":"status-publish","4":"has-post-thumbnail","6":"product_cat-clous-doreilles","7":"product_cat-boucles-doreilles","8":"product_cat-cristal","10":"first","11":"instock","12":"shipping-taxable","13":"purchasable","14":"product-type-simple"},"_links":{"self":[{"href":"https:\/\/www.gisoojewels.ch\/en\/wp-json\/wp\/v2\/product\/8897","targetHints":{"allow":["GET"]}}],"collection":[{"href":"https:\/\/www.gisoojewels.ch\/en\/wp-json\/wp\/v2\/product"}],"about":[{"href":"https:\/\/www.gisoojewels.ch\/en\/wp-json\/wp\/v2\/types\/product"}],"replies":[{"embeddable":true,"href":"https:\/\/www.gisoojewels.ch\/en\/wp-json\/wp\/v2\/comments?post=8897"}],"version-history":[{"count":0,"href":"https:\/\/www.gisoojewels.ch\/en\/wp-json\/wp\/v2\/product\/8897\/revisions"}],"wp:featuredmedia":[{"embeddable":true,"href":"https:\/\/www.gisoojewels.ch\/en\/wp-json\/wp\/v2\/media\/9317"}],"wp:attachment":[{"href":"https:\/\/www.gisoojewels.ch\/en\/wp-json\/wp\/v2\/media?parent=8897"}],"wp:term":[{"taxonomy":"product_brand","embeddable":true,"href":"https:\/\/www.gisoojewels.ch\/en\/wp-json\/wp\/v2\/product_brand?post=8897"},{"taxonomy":"product_cat","embeddable":true,"href":"https:\/\/www.gisoojewels.ch\/en\/wp-json\/wp\/v2\/product_cat?post=8897"},{"taxonomy":"product_tag","embeddable":true,"href":"https:\/\/www.gisoojewels.ch\/en\/wp-json\/wp\/v2\/product_tag?post=8897"}],"curies":[{"name":"wp","href":"https:\/\/api.w.org\/{rel}","templated":true}]}}