{"id":10050,"date":"2025-02-25T22:33:51","date_gmt":"2025-02-25T21:33:51","guid":{"rendered":"https:\/\/www.gisoojewels.ch\/?post_type=product&#038;p=10050"},"modified":"2025-02-25T22:54:00","modified_gmt":"2025-02-25T21:54:00","slug":"boucles-doreilles-poissons-647","status":"publish","type":"product","link":"https:\/\/www.gisoojewels.ch\/en\/shop\/boucles-doreilles-poissons-647\/","title":{"rendered":"Boucles d&#8217;oreilles Poissons \u00c9clatants &#8211; CRISTAL 647"},"content":{"rendered":"<p data-start=\"617\" data-end=\"980\">Plongez dans un univers d\u2019\u00e9l\u00e9gance et de raffinement avec les <strong data-start=\"679\" data-end=\"734\">Boucles d&#8217;oreilles Poissons \u00c9clatants &#8211; CRISTAL 647<\/strong>. Ces clous d\u2019oreilles uniques allient sophistication et originalit\u00e9 gr\u00e2ce \u00e0 leur design inspir\u00e9 de l\u2019oc\u00e9an. Leur structure en or blanc, associ\u00e9e \u00e0 un cristal rose \u00e9clatant (diamant rose), cr\u00e9e une harmonie parfaite entre modernit\u00e9 et f\u00e9minit\u00e9.<\/p>\n<p data-start=\"982\" data-end=\"1400\">D\u2019une largeur de 15 mm et d\u2019une longueur de 9 mm, elles offrent une pr\u00e9sence d\u00e9licate tout en restant l\u00e9g\u00e8res et confortables. Le fermoir papillon assure un maintien s\u00fbr et pratique, id\u00e9al pour un port prolong\u00e9. Gr\u00e2ce \u00e0 leur conception hypoallerg\u00e9nique, sans plomb ni nickel, ces boucles d\u2019oreilles conviennent aux peaux sensibles et sont r\u00e9sistantes \u00e0 l\u2019eau, garantissant une brillance durable et un confort absolu.<\/p>\n<p data-start=\"1402\" data-end=\"1691\">Que vous souhaitiez ajouter une touche glamour \u00e0 votre look quotidien ou sublimer une tenue \u00e9l\u00e9gante, ces boucles d\u2019oreilles seront le choix parfait. Leur design enchanteur et leur \u00e9clat d\u00e9licat en font un bijou incontournable, id\u00e9al \u00e0 offrir ou \u00e0 s\u2019offrir pour illuminer chaque instant.<\/p>\n","protected":false},"excerpt":{"rendered":"<p data-start=\"51\" data-end=\"502\">Sublimez votre style avec les <strong data-start=\"81\" data-end=\"136\">Boucles d&#8217;oreilles Poissons \u00c9clatants &#8211; CRISTAL 647<\/strong>, un bijou raffin\u00e9 alliant \u00e9clat et originalit\u00e9. Confectionn\u00e9es en or blanc, elles sont serties d\u2019un somptueux cristal rose (diamant rose) qui capte la lumi\u00e8re avec \u00e9clat. Leur design inspir\u00e9 de l\u2019univers marin apporte une touche de douceur et de f\u00e9minit\u00e9. Hypoallerg\u00e9niques et r\u00e9sistantes \u00e0 l\u2019eau, elles sont id\u00e9ales pour les peaux sensibles et un usage prolong\u00e9.<\/p>\n","protected":false},"featured_media":10052,"comment_status":"open","ping_status":"closed","template":"","meta":[],"product_brand":[1582],"product_cat":[890,387,598],"product_tag":[1113,1039,999,1038,917,1040,907,1035,1041,894,1042,1015,1037,1557],"class_list":{"0":"post-10050","1":"product","2":"type-product","3":"status-publish","4":"has-post-thumbnail","6":"product_brand-gisoo-jewels-2","7":"product_cat-clous-doreilles","8":"product_cat-boucles-doreilles","9":"product_cat-cristal","10":"product_tag-bijoux-hypoallergeniques-2","11":"product_tag-bijoux-ocean","12":"product_tag-bijoux-pour-peaux-sensibles","13":"product_tag-bijoux-sans-nickel","14":"product_tag-boucles-doreilles","15":"product_tag-boucles-doreilles-cristal","16":"product_tag-boucles-doreilles-elegantes","17":"product_tag-boucles-doreilles-poisson","18":"product_tag-boucles-doreilles-poissons-eclatants","19":"product_tag-clous-doreilles","20":"product_tag-cristal-661","21":"product_tag-or-blanc","22":"product_tag-saphir","23":"product_tag-saphir-rose","24":"pa_clasp-fermoir-papillon","25":"pa_color-blanc-argente-or-blanc","26":"pa_earring-type-clous-d-oreilles","27":"pa_gemstone-cristal-rose-diamant-rose","28":"pa_gemstone-diamant-cz","29":"pa_length-9-mm","31":"first","32":"instock","33":"shipping-taxable","34":"purchasable","35":"product-type-simple"},"_links":{"self":[{"href":"https:\/\/www.gisoojewels.ch\/en\/wp-json\/wp\/v2\/product\/10050","targetHints":{"allow":["GET"]}}],"collection":[{"href":"https:\/\/www.gisoojewels.ch\/en\/wp-json\/wp\/v2\/product"}],"about":[{"href":"https:\/\/www.gisoojewels.ch\/en\/wp-json\/wp\/v2\/types\/product"}],"replies":[{"embeddable":true,"href":"https:\/\/www.gisoojewels.ch\/en\/wp-json\/wp\/v2\/comments?post=10050"}],"version-history":[{"count":0,"href":"https:\/\/www.gisoojewels.ch\/en\/wp-json\/wp\/v2\/product\/10050\/revisions"}],"wp:featuredmedia":[{"embeddable":true,"href":"https:\/\/www.gisoojewels.ch\/en\/wp-json\/wp\/v2\/media\/10052"}],"wp:attachment":[{"href":"https:\/\/www.gisoojewels.ch\/en\/wp-json\/wp\/v2\/media?parent=10050"}],"wp:term":[{"taxonomy":"product_brand","embeddable":true,"href":"https:\/\/www.gisoojewels.ch\/en\/wp-json\/wp\/v2\/product_brand?post=10050"},{"taxonomy":"product_cat","embeddable":true,"href":"https:\/\/www.gisoojewels.ch\/en\/wp-json\/wp\/v2\/product_cat?post=10050"},{"taxonomy":"product_tag","embeddable":true,"href":"https:\/\/www.gisoojewels.ch\/en\/wp-json\/wp\/v2\/product_tag?post=10050"}],"curies":[{"name":"wp","href":"https:\/\/api.w.org\/{rel}","templated":true}]}}