{"id":10039,"date":"2025-02-25T14:37:22","date_gmt":"2025-02-25T13:37:22","guid":{"rendered":"https:\/\/www.gisoojewels.ch\/?post_type=product&#038;p=10039"},"modified":"2025-02-25T15:46:26","modified_gmt":"2025-02-25T14:46:26","slug":"bracelet-majestueux-cristal-675","status":"publish","type":"product","link":"https:\/\/www.gisoojewels.ch\/en\/shop\/bracelet-majestueux-cristal-675\/","title":{"rendered":"Bracelet Soleil Majestueux &#8211; CRISTAL 675"},"content":{"rendered":"<div class=\"flex flex-grow flex-col max-w-full\">\n<div class=\"min-h-[20px] text-message flex flex-col items-start whitespace-pre-wrap break-words [.text-message+&amp;]:mt-5 juice:w-full juice:items-end overflow-x-auto gap-2\" dir=\"auto\" data-message-author-role=\"assistant\" data-message-id=\"275c8779-023f-4844-a175-081bd82b7d07\">\n<div class=\"flex w-full flex-col gap-1 juice:empty:hidden juice:first:pt-[3px]\">\n<div class=\"markdown prose w-full break-words dark:prose-invert light\">\n<p data-start=\"548\" data-end=\"918\">Le <strong data-start=\"551\" data-end=\"595\">Bracelet Soleil Majestueux &#8211; CRISTAL 675<\/strong> incarne la sophistication et l\u2019\u00e9l\u00e9gance intemporelle. Con\u00e7u pour sublimer votre poignet avec son <strong data-start=\"693\" data-end=\"734\">cristal jaune lumineux (saphir jaune)<\/strong>, il refl\u00e8te une lumi\u00e8re dor\u00e9e captivante, \u00e9voquant la chaleur du soleil. Son m\u00e9tal <strong data-start=\"818\" data-end=\"846\">blanc argent\u00e9 (or blanc)<\/strong> en <strong data-start=\"850\" data-end=\"876\">cuivre environnemental<\/strong> garantit \u00e0 la fois \u00e9clat et durabilit\u00e9.<\/p>\n<h3 data-start=\"920\" data-end=\"960\"><strong data-start=\"924\" data-end=\"958\">Caract\u00e9ristiques principales :<\/strong><\/h3>\n<ul data-start=\"961\" data-end=\"1309\">\n<li data-start=\"961\" data-end=\"1028\"><strong data-start=\"963\" data-end=\"975\">Pierre :<\/strong> Cristal jaune (saphir jaune) aux reflets \u00e9clatants<\/li>\n<li data-start=\"1029\" data-end=\"1098\"><strong data-start=\"1031\" data-end=\"1042\">M\u00e9tal :<\/strong> Cuivre environnemental, hypoallerg\u00e9nique et r\u00e9sistant<\/li>\n<li data-start=\"1099\" data-end=\"1164\"><strong data-start=\"1101\" data-end=\"1114\">Couleur :<\/strong> Blanc argent\u00e9 (or blanc), \u00e9l\u00e9gant et intemporel<\/li>\n<li data-start=\"1165\" data-end=\"1227\"><strong data-start=\"1167\" data-end=\"1180\">Fermoir :<\/strong> Mousqueton s\u00e9curis\u00e9 pour un maintien parfait<\/li>\n<li data-start=\"1228\" data-end=\"1309\"><strong data-start=\"1230\" data-end=\"1246\">Dimensions :<\/strong> Largeur de <strong data-start=\"1258\" data-end=\"1267\">11 mm<\/strong> et longueur ajustable de <strong data-start=\"1293\" data-end=\"1307\">17 \u00e0 19 cm<\/strong><\/li>\n<\/ul>\n<p data-start=\"1311\" data-end=\"1591\">Pens\u00e9 pour le confort, ce bracelet est <strong data-start=\"1350\" data-end=\"1392\">hypoallerg\u00e9nique, sans plomb ni nickel<\/strong>, respectueux des peaux sensibles. L\u00e9ger et agr\u00e9able \u00e0 porter, il s\u2019adapte \u00e0 toutes vos envies, que ce soit pour une <strong data-start=\"1509\" data-end=\"1547\">touche de raffinement au quotidien<\/strong> ou pour des <strong data-start=\"1560\" data-end=\"1588\">\u00e9v\u00e9nements exceptionnels<\/strong>.<\/p>\n<p data-start=\"1593\" data-end=\"1794\">Offrez-vous l\u2019\u00e9clat et la beaut\u00e9 d\u2019un bijou qui traverse le temps avec <strong data-start=\"1664\" data-end=\"1708\">Bracelet Soleil Majestueux &#8211; CRISTAL 675<\/strong>, un accessoire \u00e9l\u00e9gant qui rehaussera votre style avec une touche dor\u00e9e inimitable.<\/p>\n<\/div>\n<\/div>\n<\/div>\n<\/div>\n","protected":false},"excerpt":{"rendered":"<p>\u00c9l\u00e9gance et \u00e9clat se rencontrent avec le <strong data-start=\"72\" data-end=\"116\">Bracelet Soleil Majestueux &#8211; CRISTAL 675<\/strong>. Son <strong data-start=\"122\" data-end=\"166\">cristal jaune scintillant (saphir jaune)<\/strong> est sublim\u00e9 par un m\u00e9tal <strong data-start=\"192\" data-end=\"220\">blanc argent\u00e9 (or blanc)<\/strong> en <strong data-start=\"224\" data-end=\"250\">cuivre environnemental<\/strong>. Hypoallerg\u00e9nique, durable et exempt de plomb et de nickel, ce bracelet est parfait pour les peaux sensibles. Son <strong data-start=\"365\" data-end=\"389\">fermoir \u00e0 mousqueton<\/strong> assure un ajustement facile entre <strong data-start=\"424\" data-end=\"439\">17 et 19 cm<\/strong>. Id\u00e9al pour un usage quotidien ou pour illuminer vos occasions sp\u00e9ciales.<\/p>\n","protected":false},"featured_media":10043,"comment_status":"open","ping_status":"closed","template":"","meta":[],"product_brand":[1582],"product_cat":[1455,569,598],"product_tag":[1007,1369,1112,1169,709,1553,1555,1556,1459,1248,1000,886,1249,1554,1009,1208,1111],"class_list":{"0":"post-10039","1":"product","2":"type-product","3":"status-publish","4":"has-post-thumbnail","6":"product_brand-gisoo-jewels-2","7":"product_cat-bracelet-chaine","8":"product_cat-bracelets-fr","9":"product_cat-cristal","10":"product_tag-accessoire-mode","11":"product_tag-bijou-tendance","12":"product_tag-bijouterie-suisse","13":"product_tag-bijoux-suisses","14":"product_tag-bracelet-ajustable","15":"product_tag-bracelet-cristal-jaune","16":"product_tag-bracelet-dore","17":"product_tag-bracelet-en-cuivre","18":"product_tag-bracelet-femme","19":"product_tag-bracelet-hypoallergenique","20":"product_tag-bracelet-luxe","21":"product_tag-bracelet-raffine","22":"product_tag-bracelet-sans-nickel","23":"product_tag-bracelet-saphir-jaune","24":"product_tag-cadeau-femme","25":"product_tag-elegance-suisse","26":"product_tag-gisoo-jewels","27":"pa_clasp-fermoir-a-mousqueton","28":"pa_color-blanc-argente-or-blanc","29":"pa_gemstone-cristal-jaune-saphir-jaune","30":"pa_length-17-19-cm-fr","32":"first","33":"instock","34":"shipping-taxable","35":"purchasable","36":"product-type-simple"},"_links":{"self":[{"href":"https:\/\/www.gisoojewels.ch\/en\/wp-json\/wp\/v2\/product\/10039","targetHints":{"allow":["GET"]}}],"collection":[{"href":"https:\/\/www.gisoojewels.ch\/en\/wp-json\/wp\/v2\/product"}],"about":[{"href":"https:\/\/www.gisoojewels.ch\/en\/wp-json\/wp\/v2\/types\/product"}],"replies":[{"embeddable":true,"href":"https:\/\/www.gisoojewels.ch\/en\/wp-json\/wp\/v2\/comments?post=10039"}],"version-history":[{"count":0,"href":"https:\/\/www.gisoojewels.ch\/en\/wp-json\/wp\/v2\/product\/10039\/revisions"}],"wp:featuredmedia":[{"embeddable":true,"href":"https:\/\/www.gisoojewels.ch\/en\/wp-json\/wp\/v2\/media\/10043"}],"wp:attachment":[{"href":"https:\/\/www.gisoojewels.ch\/en\/wp-json\/wp\/v2\/media?parent=10039"}],"wp:term":[{"taxonomy":"product_brand","embeddable":true,"href":"https:\/\/www.gisoojewels.ch\/en\/wp-json\/wp\/v2\/product_brand?post=10039"},{"taxonomy":"product_cat","embeddable":true,"href":"https:\/\/www.gisoojewels.ch\/en\/wp-json\/wp\/v2\/product_cat?post=10039"},{"taxonomy":"product_tag","embeddable":true,"href":"https:\/\/www.gisoojewels.ch\/en\/wp-json\/wp\/v2\/product_tag?post=10039"}],"curies":[{"name":"wp","href":"https:\/\/api.w.org\/{rel}","templated":true}]}}