{"id":9999,"date":"2025-02-21T00:19:54","date_gmt":"2025-02-20T23:19:54","guid":{"rendered":"https:\/\/www.gisoojewels.ch\/?post_type=product&#038;p=9999"},"modified":"2025-02-21T00:36:41","modified_gmt":"2025-02-20T23:36:41","slug":"bague-splendeur-saphir-elegance-177","status":"publish","type":"product","link":"https:\/\/www.gisoojewels.ch\/de\/laden\/bague-splendeur-saphir-elegance-177\/","title":{"rendered":"Bague Splendeur Saphir \u2013 \u00c9L\u00c9GANCE 177"},"content":{"rendered":"<p data-start=\"2613\" data-end=\"3015\">La <strong data-start=\"2616\" data-end=\"2657\">Bague Splendeur Saphir \u2013 \u00c9L\u00c9GANCE 177<\/strong> est l&#8217;incarnation parfaite du luxe accessible. Con\u00e7ue avec soin en <strong data-start=\"2725\" data-end=\"2751\">cuivre environnemental<\/strong> et recouverte d\u2019un \u00e9clatant <strong data-start=\"2780\" data-end=\"2798\">plaqu\u00e9 platine<\/strong>, elle allie \u00e9l\u00e9gance et durabilit\u00e9. Son centre est orn\u00e9 d\u2019un magnifique <strong data-start=\"2871\" data-end=\"2889\">saphir bleu CZ<\/strong>, symbole de noblesse et de s\u00e9r\u00e9nit\u00e9, entour\u00e9 d\u2019un halo de <strong data-start=\"2948\" data-end=\"2963\">diamants CZ<\/strong> \u00e9tincelants, offrant un jeu de lumi\u00e8re fascinant.<\/p>\n<p data-start=\"3017\" data-end=\"3423\">Gr\u00e2ce \u00e0 sa conception hypoallerg\u00e9nique, <strong data-start=\"3057\" data-end=\"3090\">exempte de plomb et de nickel<\/strong>, cette bague est id\u00e9ale pour les peaux sensibles et garantit un confort optimal tout au long de la journ\u00e9e. Sa qualit\u00e9 sup\u00e9rieure en fait un choix parfait pour un usage quotidien, tout en \u00e9tant suffisamment sophistiqu\u00e9e pour illuminer vos tenues lors d\u2019occasions sp\u00e9ciales comme un mariage, des fian\u00e7ailles ou une soir\u00e9e \u00e9l\u00e9gante.<\/p>\n<p data-start=\"3425\" data-end=\"3687\">Le <strong data-start=\"3428\" data-end=\"3443\">saphir bleu<\/strong>, traditionnellement associ\u00e9 \u00e0 la loyaut\u00e9 et \u00e0 la sinc\u00e9rit\u00e9, fait de cette bague un <strong data-start=\"3527\" data-end=\"3563\">choix id\u00e9al pour des fian\u00e7ailles<\/strong>. Offrir la <strong data-start=\"3575\" data-end=\"3616\">Bague Splendeur Saphir \u2013 \u00c9L\u00c9GANCE 177<\/strong> \u00e0 votre bien-aim\u00e9e, c\u2019est lui t\u00e9moigner un amour profond et \u00e9ternel.<\/p>\n","protected":false},"excerpt":{"rendered":"<p data-start=\"80\" data-end=\"585\">Sublimez votre style avec la <strong data-start=\"2018\" data-end=\"2059\">Bague Splendeur Saphir \u2013 \u00c9L\u00c9GANCE 177<\/strong>. R\u00e9alis\u00e9e en <strong data-start=\"2073\" data-end=\"2099\">cuivre environnemental<\/strong> et plaqu\u00e9e de <strong data-start=\"2114\" data-end=\"2125\">platine<\/strong>, elle met en valeur un somptueux <strong data-start=\"2159\" data-end=\"2177\">saphir bleu CZ<\/strong>, rehauss\u00e9 par un halo de <strong data-start=\"2203\" data-end=\"2218\">diamants CZ<\/strong> scintillants. Hypoallerg\u00e9nique et sans nickel, cette bague assure un confort optimal m\u00eame pour les peaux sensibles. \u00c9l\u00e9gante et durable, elle est parfaite pour une utilisation quotidienne comme pour des occasions sp\u00e9ciales. Son design noble et intemporel en fait \u00e9galement un excellent choix comme <strong data-start=\"2517\" data-end=\"2541\">bague de fian\u00e7ailles<\/strong>, symbole de fid\u00e9lit\u00e9 et de sagesse.<\/p>\n","protected":false},"featured_media":9990,"comment_status":"open","ping_status":"closed","template":"","meta":[],"product_brand":[1582],"product_cat":[1501,602,529],"product_tag":[1479,1474,1521,1520,1516,1519,1517,1518,1477,1112,1169,1208,1111],"class_list":{"0":"post-9999","1":"product","2":"type-product","3":"status-publish","4":"has-post-thumbnail","6":"product_brand-gisoo-jewels-2","7":"product_cat-bagues-de-fiancailles","8":"product_cat-bagues","9":"product_cat-elegance-fr","10":"product_tag-bague-elegante","11":"product_tag-bague-femme","12":"product_tag-bague-fiancailles","13":"product_tag-bague-mariage","14":"product_tag-bague-platine","15":"product_tag-bague-raffinee","16":"product_tag-bague-saphir-rose","17":"product_tag-bague-tendance","18":"product_tag-bague-zirconium","19":"product_tag-bijouterie-suisse","20":"product_tag-bijoux-suisses","21":"product_tag-elegance-suisse","22":"product_tag-gisoo-jewels","23":"pa_color-plaque_or","24":"pa_gemstone-diamond-cz-2","25":"pa_gemstone-saphir-bleu-cz","27":"first","28":"instock","29":"shipping-taxable","30":"purchasable","31":"product-type-variable"},"_links":{"self":[{"href":"https:\/\/www.gisoojewels.ch\/de\/wp-json\/wp\/v2\/product\/9999","targetHints":{"allow":["GET"]}}],"collection":[{"href":"https:\/\/www.gisoojewels.ch\/de\/wp-json\/wp\/v2\/product"}],"about":[{"href":"https:\/\/www.gisoojewels.ch\/de\/wp-json\/wp\/v2\/types\/product"}],"replies":[{"embeddable":true,"href":"https:\/\/www.gisoojewels.ch\/de\/wp-json\/wp\/v2\/comments?post=9999"}],"version-history":[{"count":0,"href":"https:\/\/www.gisoojewels.ch\/de\/wp-json\/wp\/v2\/product\/9999\/revisions"}],"wp:featuredmedia":[{"embeddable":true,"href":"https:\/\/www.gisoojewels.ch\/de\/wp-json\/wp\/v2\/media\/9990"}],"wp:attachment":[{"href":"https:\/\/www.gisoojewels.ch\/de\/wp-json\/wp\/v2\/media?parent=9999"}],"wp:term":[{"taxonomy":"product_brand","embeddable":true,"href":"https:\/\/www.gisoojewels.ch\/de\/wp-json\/wp\/v2\/product_brand?post=9999"},{"taxonomy":"product_cat","embeddable":true,"href":"https:\/\/www.gisoojewels.ch\/de\/wp-json\/wp\/v2\/product_cat?post=9999"},{"taxonomy":"product_tag","embeddable":true,"href":"https:\/\/www.gisoojewels.ch\/de\/wp-json\/wp\/v2\/product_tag?post=9999"}],"curies":[{"name":"wp","href":"https:\/\/api.w.org\/{rel}","templated":true}]}}