{"id":9989,"date":"2025-02-21T00:18:17","date_gmt":"2025-02-20T23:18:17","guid":{"rendered":"https:\/\/www.gisoojewels.ch\/?post_type=product&#038;p=9989"},"modified":"2025-02-21T00:18:28","modified_gmt":"2025-02-20T23:18:28","slug":"bague-splendeur-rosee-elegance-177","status":"publish","type":"product","link":"https:\/\/www.gisoojewels.ch\/de\/laden\/bague-splendeur-rosee-elegance-177\/","title":{"rendered":"Bague Splendeur Ros\u00e9e \u2013 \u00c9L\u00c9GANCE 177"},"content":{"rendered":"<p data-start=\"762\" data-end=\"1117\">La <strong data-start=\"765\" data-end=\"805\">Bague Splendeur Ros\u00e9e \u2013 \u00c9L\u00c9GANCE 177<\/strong> incarne l\u2019\u00e9l\u00e9gance et le raffinement. Son anneau en <strong data-start=\"858\" data-end=\"884\">cuivre environnemental<\/strong>, soigneusement plaqu\u00e9 de <strong data-start=\"910\" data-end=\"921\">platine<\/strong>, garantit une brillance exceptionnelle et une r\u00e9sistance accrue. Au centre, un \u00e9clatant <strong data-start=\"1010\" data-end=\"1028\">saphir rose CZ<\/strong>, sublim\u00e9 par un halo de <strong data-start=\"1053\" data-end=\"1068\">diamants CZ<\/strong>, conf\u00e8re \u00e0 cette bague un charme irr\u00e9sistible.<\/p>\n<p data-start=\"1119\" data-end=\"1398\">Sa conception hypoallerg\u00e9nique, <strong data-start=\"1151\" data-end=\"1175\">sans plomb ni nickel<\/strong>, assure un confort absolu, m\u00eame pour les peaux les plus sensibles. Con\u00e7ue pour un usage prolong\u00e9, elle est id\u00e9ale pour toutes les occasions : mariage, d\u00eener romantique ou simplement pour rehausser une tenue du quotidien.<\/p>\n<p data-start=\"1400\" data-end=\"1662\">Avec son \u00e9clat doux et f\u00e9minin, la <strong data-start=\"1435\" data-end=\"1475\">Bague Splendeur Ros\u00e9e \u2013 \u00c9L\u00c9GANCE 177<\/strong> est \u00e9galement un <strong data-start=\"1493\" data-end=\"1531\">choix parfait pour des fian\u00e7ailles<\/strong>. Le <strong data-start=\"1536\" data-end=\"1551\">saphir rose<\/strong>, symbole de romantisme et de d\u00e9licatesse, apporte une touche originale et moderne \u00e0 une d\u00e9claration d\u2019amour.<\/p>\n","protected":false},"excerpt":{"rendered":"<p data-start=\"80\" data-end=\"585\">Apportez une touche d&#8217;\u00e9l\u00e9gance intemporelle avec la <strong data-start=\"241\" data-end=\"281\">Bague Splendeur Ros\u00e9e \u2013 \u00c9L\u00c9GANCE 177<\/strong>. Con\u00e7ue en <strong data-start=\"293\" data-end=\"319\">cuivre environnemental<\/strong> et plaqu\u00e9e en <strong data-start=\"334\" data-end=\"345\">platine<\/strong>, elle est sublim\u00e9e par un somptueux <strong data-start=\"382\" data-end=\"400\">saphir rose CZ<\/strong> entour\u00e9 de brillants <strong data-start=\"422\" data-end=\"437\">diamants CZ<\/strong>. Son design raffin\u00e9 et hypoallerg\u00e9nique garantit un confort optimal pour un usage quotidien. Exempte de plomb et de nickel, elle convient aux peaux sensibles. \u00c9l\u00e9gante et intemporelle, elle peut aussi \u00eatre un excellent choix comme <strong data-start=\"669\" data-end=\"693\">bague de fian\u00e7ailles<\/strong>, symbolisant amour et tendresse.<\/p>\n","protected":false},"featured_media":9993,"comment_status":"open","ping_status":"closed","template":"","meta":[],"product_brand":[1582],"product_cat":[1501,602,529],"product_tag":[1479,1474,1521,1520,1516,1519,1517,1518,1477,1112,1169,1208,1111],"class_list":{"0":"post-9989","1":"product","2":"type-product","3":"status-publish","4":"has-post-thumbnail","6":"product_brand-gisoo-jewels-2","7":"product_cat-bagues-de-fiancailles","8":"product_cat-bagues","9":"product_cat-elegance-fr","10":"product_tag-bague-elegante","11":"product_tag-bague-femme","12":"product_tag-bague-fiancailles","13":"product_tag-bague-mariage","14":"product_tag-bague-platine","15":"product_tag-bague-raffinee","16":"product_tag-bague-saphir-rose","17":"product_tag-bague-tendance","18":"product_tag-bague-zirconium","19":"product_tag-bijouterie-suisse","20":"product_tag-bijoux-suisses","21":"product_tag-elegance-suisse","22":"product_tag-gisoo-jewels","23":"pa_color-plaque_or","24":"pa_gemstone-diamant-rose-cz","25":"pa_gemstone-diamond-cz-2","27":"first","28":"instock","29":"shipping-taxable","30":"purchasable","31":"product-type-variable"},"_links":{"self":[{"href":"https:\/\/www.gisoojewels.ch\/de\/wp-json\/wp\/v2\/product\/9989","targetHints":{"allow":["GET"]}}],"collection":[{"href":"https:\/\/www.gisoojewels.ch\/de\/wp-json\/wp\/v2\/product"}],"about":[{"href":"https:\/\/www.gisoojewels.ch\/de\/wp-json\/wp\/v2\/types\/product"}],"replies":[{"embeddable":true,"href":"https:\/\/www.gisoojewels.ch\/de\/wp-json\/wp\/v2\/comments?post=9989"}],"version-history":[{"count":0,"href":"https:\/\/www.gisoojewels.ch\/de\/wp-json\/wp\/v2\/product\/9989\/revisions"}],"wp:featuredmedia":[{"embeddable":true,"href":"https:\/\/www.gisoojewels.ch\/de\/wp-json\/wp\/v2\/media\/9993"}],"wp:attachment":[{"href":"https:\/\/www.gisoojewels.ch\/de\/wp-json\/wp\/v2\/media?parent=9989"}],"wp:term":[{"taxonomy":"product_brand","embeddable":true,"href":"https:\/\/www.gisoojewels.ch\/de\/wp-json\/wp\/v2\/product_brand?post=9989"},{"taxonomy":"product_cat","embeddable":true,"href":"https:\/\/www.gisoojewels.ch\/de\/wp-json\/wp\/v2\/product_cat?post=9989"},{"taxonomy":"product_tag","embeddable":true,"href":"https:\/\/www.gisoojewels.ch\/de\/wp-json\/wp\/v2\/product_tag?post=9989"}],"curies":[{"name":"wp","href":"https:\/\/api.w.org\/{rel}","templated":true}]}}