{"id":9496,"date":"2024-11-28T18:25:32","date_gmt":"2024-11-28T17:25:32","guid":{"rendered":"https:\/\/www.gisoojewels.ch\/?post_type=product&#038;p=9496"},"modified":"2024-12-21T16:56:54","modified_gmt":"2024-12-21T15:56:54","slug":"boucles-doreilles-saphir-56","status":"publish","type":"product","link":"https:\/\/www.gisoojewels.ch\/de\/laden\/boucles-doreilles-saphir-56\/","title":{"rendered":"Boucles d&#8217;oreilles Royal Saphir &#8211; ELEGANCE 56"},"content":{"rendered":"<p>Ajoutez une touche royale \u00e0 votre style avec les <strong><a href=\"https:\/\/www.gisoojewels.ch\/fr\/categorie-produit\/boucles-doreilles\/\">Boucles d&#8217;oreilles<\/a> Royal Saphir &#8211; ELEGANCE 56<\/strong>. Con\u00e7ues pour captiver, ces magnifiques pendants sont fabriqu\u00e9s \u00e0 partir de <strong>cuivre environnemental<\/strong> de haute qualit\u00e9, plaqu\u00e9 d\u2019un somptueux <strong>or 18 carats<\/strong>, et orn\u00e9s de <strong>pierres en saphir bleu CZ<\/strong> d&#8217;une brillance exceptionnelle. Leur design intemporel et raffin\u00e9 fera de ces boucles un choix parfait pour accompagner vos tenues les plus \u00e9l\u00e9gantes.<\/p>\n<p>Dot\u00e9es d\u2019un <strong>fermoir papillon s\u00e9curis\u00e9<\/strong>, elles s\u2019enfilent et se retirent facilement, offrant un confort optimal pour un usage prolong\u00e9. Ces boucles d\u2019oreilles mesurent <strong>80 mm de longueur<\/strong> et <strong>15 mm de largeur<\/strong>, cr\u00e9ant une allure \u00e9lanc\u00e9e et sophistiqu\u00e9e qui saura illuminer votre visage \u00e0 chaque occasion.<\/p>\n<p>En plus de leur beaut\u00e9, elles sont <strong>hypoallerg\u00e9niques<\/strong>, sans nickel ni plomb, garantissant qu\u2019elles conviennent m\u00eame aux peaux les plus sensibles. Ces <a href=\"https:\/\/www.gisoojewels.ch\/fr\/categorie-produit\/boucles-doreilles\/\">boucles d\u2019oreilles<\/a> incarnent un mariage parfait entre luxe et confort, rendant hommage \u00e0 votre \u00e9l\u00e9gance naturelle.<\/p>\n<p>Id\u00e9ales comme cadeau pour vos proches ou pour vous-m\u00eame, les <strong>Boucles d&#8217;oreilles Royal Saphir &#8211; ELEGANCE 56<\/strong>sont le choix parfait pour des occasions sp\u00e9ciales comme les mariages, les soir\u00e9es de gala ou les anniversaires. Compl\u00e9tez votre collection de bijoux avec une pi\u00e8ce qui ne passera jamais inaper\u00e7ue.<\/p>\n","protected":false},"excerpt":{"rendered":"<p>Sublimez votre \u00e9l\u00e9gance avec les <strong><a href=\"https:\/\/www.gisoojewels.ch\/fr\/categorie-produit\/boucles-doreilles\/\">Boucles d&#8217;oreilles<\/a> Royal Saphir &#8211; ELEGANCE 56<\/strong>, des pendants en cuivre environnemental plaqu\u00e9 or 18 carats, orn\u00e9s de pierres de saphir bleu CZ. Hypoallerg\u00e9niques, elles sont parfaites pour les peaux sensibles et id\u00e9ales pour un port quotidien ou pour des occasions sp\u00e9ciales. Dimensions : 80 mm de longueur et 15 mm de largeur. Fermoir papillon pratique et s\u00e9curis\u00e9.<\/p>\n","protected":false},"featured_media":9497,"comment_status":"open","ping_status":"closed","template":"","meta":[],"product_brand":[],"product_cat":[1022,387,529],"product_tag":[1198,1112,1200,1196,1195,1113,1192,999,1169,907,1194,1030,1191,1199,1193,1197,1016],"class_list":{"0":"post-9496","1":"product","2":"type-product","3":"status-publish","4":"has-post-thumbnail","6":"product_cat-pendants-doreilles","7":"product_cat-boucles-doreilles","8":"product_cat-elegance-fr","9":"product_tag-accessoires-de-luxe","10":"product_tag-bijouterie-suisse","11":"product_tag-bijoux-cz","12":"product_tag-bijoux-de-mariage","13":"product_tag-bijoux-de-soiree","14":"product_tag-bijoux-hypoallergeniques-2","15":"product_tag-bijoux-plaque-or","16":"product_tag-bijoux-pour-peaux-sensibles","17":"product_tag-bijoux-suisses","18":"product_tag-boucles-doreilles-elegantes","19":"product_tag-boucles-doreilles-en-cuivre-environnemental","20":"product_tag-boucles-doreilles-longues","21":"product_tag-boucles-doreilles-pendantes","22":"product_tag-boucles-doreilles-raffinees","23":"product_tag-boucles-doreilles-saphir-bleu","24":"product_tag-cadeaux-pour-femmes","25":"product_tag-fermoir-papillon","26":"pa_clasp-fermoir-papillon","27":"pa_color-or-18-carats","28":"pa_earring-type-pendants-d-oreilles","29":"pa_gemstone-saphir-bleu-cz","30":"pa_length-80-mm","32":"first","33":"instock","34":"featured","35":"shipping-taxable","36":"purchasable","37":"product-type-simple"},"_links":{"self":[{"href":"https:\/\/www.gisoojewels.ch\/de\/wp-json\/wp\/v2\/product\/9496","targetHints":{"allow":["GET"]}}],"collection":[{"href":"https:\/\/www.gisoojewels.ch\/de\/wp-json\/wp\/v2\/product"}],"about":[{"href":"https:\/\/www.gisoojewels.ch\/de\/wp-json\/wp\/v2\/types\/product"}],"replies":[{"embeddable":true,"href":"https:\/\/www.gisoojewels.ch\/de\/wp-json\/wp\/v2\/comments?post=9496"}],"version-history":[{"count":0,"href":"https:\/\/www.gisoojewels.ch\/de\/wp-json\/wp\/v2\/product\/9496\/revisions"}],"wp:featuredmedia":[{"embeddable":true,"href":"https:\/\/www.gisoojewels.ch\/de\/wp-json\/wp\/v2\/media\/9497"}],"wp:attachment":[{"href":"https:\/\/www.gisoojewels.ch\/de\/wp-json\/wp\/v2\/media?parent=9496"}],"wp:term":[{"taxonomy":"product_brand","embeddable":true,"href":"https:\/\/www.gisoojewels.ch\/de\/wp-json\/wp\/v2\/product_brand?post=9496"},{"taxonomy":"product_cat","embeddable":true,"href":"https:\/\/www.gisoojewels.ch\/de\/wp-json\/wp\/v2\/product_cat?post=9496"},{"taxonomy":"product_tag","embeddable":true,"href":"https:\/\/www.gisoojewels.ch\/de\/wp-json\/wp\/v2\/product_tag?post=9496"}],"curies":[{"name":"wp","href":"https:\/\/api.w.org\/{rel}","templated":true}]}}