{"id":9486,"date":"2024-11-26T14:53:36","date_gmt":"2024-11-26T13:53:36","guid":{"rendered":"https:\/\/www.gisoojewels.ch\/?post_type=product&#038;p=9486"},"modified":"2024-12-16T12:32:52","modified_gmt":"2024-12-16T11:32:52","slug":"boucles-doreilles-brilliance-594","status":"publish","type":"product","link":"https:\/\/www.gisoojewels.ch\/de\/laden\/boucles-doreilles-brilliance-594\/","title":{"rendered":"Boucles d&#8217;oreilles \u00c9clat d&#8217;Aigue-marine &#8211; BRILLIANCE 594"},"content":{"rendered":"<p>Apportez une touche d&#8217;\u00e9l\u00e9gance \u00e0 votre collection de bijoux avec les <strong><a href=\"https:\/\/www.gisoojewels.ch\/fr\/categorie-produit\/boucles-doreilles\/\">Boucles d&#8217;oreilles<\/a> \u00c9clat d&#8217;Aigue-marine &#8211; BRILLIANCE 594<\/strong>. Con\u00e7ues en <strong>cuivre environnemental plaqu\u00e9 or 18 carats<\/strong>, elles allient esth\u00e9tique et durabilit\u00e9, tout en \u00e9tant respectueuses de l&#8217;environnement.<\/p>\n<p>Avec leur <strong>design sans gemmes<\/strong>, leur <strong>fermoir \u00e0 charni\u00e8re s\u00e9curis\u00e9<\/strong>, et une finition soign\u00e9e, ces boucles d&#8217;oreilles minimalistes mesurent <strong>10 mm de longueur<\/strong> et <strong>2 mm de largeur<\/strong>, parfaites pour une allure sophistiqu\u00e9e et discr\u00e8te.<\/p>\n<p>Ces clous d&#8217;oreilles sont <strong>hypoallerg\u00e9niques<\/strong>, sans nickel ni plomb, garantissant un confort optimal m\u00eame pour les peaux sensibles. Le style intemporel et les mat\u00e9riaux de qualit\u00e9 sup\u00e9rieure les rendent id\u00e9ales pour un usage quotidien ou comme un cadeau pr\u00e9cieux.<\/p>\n<p>Ajoutez une touche de finesse et de praticit\u00e9 \u00e0 votre tenue avec ces magnifiques boucles d&#8217;oreilles, con\u00e7ues pour sublimer chaque moment de votre journ\u00e9e.<\/p>\n","protected":false},"excerpt":{"rendered":"<p>D\u00e9couvrez les <strong>Boucles d&#8217;oreilles \u00c9clat d&#8217;Aigue-marine &#8211; BRILLIANCE 594<\/strong>, un accessoire intemporel en <strong>cuivre environnemental plaqu\u00e9 or 18 carats<\/strong>, sans gemmes, offrant un style raffin\u00e9. Avec leur fermoir \u00e0 charni\u00e8re et leur design hypoallerg\u00e9nique, ces clous d&#8217;oreilles de 10 mm de longueur et 2 mm de largeur sont id\u00e9ales pour les peaux sensibles et un usage quotidien.<\/p>\n","protected":false},"featured_media":9487,"comment_status":"open","ping_status":"closed","template":"","meta":[],"product_brand":[],"product_cat":[890,387,485],"product_tag":[1175,1112,998,1174,999,1169,1179,1178,1176,1177,894,997,1173,1180,1171,1172,1181,1182],"class_list":{"0":"post-9486","1":"product","2":"type-product","3":"status-publish","4":"has-post-thumbnail","6":"product_cat-clous-doreilles","7":"product_cat-boucles-doreilles","8":"product_cat-brillance","9":"product_tag-accessoires-intemporels","10":"product_tag-bijouterie-suisse","11":"product_tag-bijoux-elegants","12":"product_tag-bijoux-minimalistes","13":"product_tag-bijoux-pour-peaux-sensibles","14":"product_tag-bijoux-suisses","15":"product_tag-boucles-doreilles-2","16":"product_tag-boucles-doreilles-design","17":"product_tag-boucles-doreilles-legeres","18":"product_tag-boucles-doreilles-modernes","19":"product_tag-clous-doreilles","20":"product_tag-cuivre-environnemental","21":"product_tag-fermoir-a-charniere","22":"product_tag-hypoallergenique","23":"product_tag-plaque-or-18-carats","24":"product_tag-sans-gemmes","25":"product_tag-sans-nickel-2","26":"product_tag-sans-plomb-2","27":"pa_clasp-fermoir-a-charniere","28":"pa_color-or-18-carats","29":"pa_earring-type-clous-d-oreilles","30":"pa_gemstone-sans-pierres","31":"pa_length-10-mm","33":"first","34":"instock","35":"shipping-taxable","36":"purchasable","37":"product-type-simple"},"_links":{"self":[{"href":"https:\/\/www.gisoojewels.ch\/de\/wp-json\/wp\/v2\/product\/9486","targetHints":{"allow":["GET"]}}],"collection":[{"href":"https:\/\/www.gisoojewels.ch\/de\/wp-json\/wp\/v2\/product"}],"about":[{"href":"https:\/\/www.gisoojewels.ch\/de\/wp-json\/wp\/v2\/types\/product"}],"replies":[{"embeddable":true,"href":"https:\/\/www.gisoojewels.ch\/de\/wp-json\/wp\/v2\/comments?post=9486"}],"version-history":[{"count":0,"href":"https:\/\/www.gisoojewels.ch\/de\/wp-json\/wp\/v2\/product\/9486\/revisions"}],"wp:featuredmedia":[{"embeddable":true,"href":"https:\/\/www.gisoojewels.ch\/de\/wp-json\/wp\/v2\/media\/9487"}],"wp:attachment":[{"href":"https:\/\/www.gisoojewels.ch\/de\/wp-json\/wp\/v2\/media?parent=9486"}],"wp:term":[{"taxonomy":"product_brand","embeddable":true,"href":"https:\/\/www.gisoojewels.ch\/de\/wp-json\/wp\/v2\/product_brand?post=9486"},{"taxonomy":"product_cat","embeddable":true,"href":"https:\/\/www.gisoojewels.ch\/de\/wp-json\/wp\/v2\/product_cat?post=9486"},{"taxonomy":"product_tag","embeddable":true,"href":"https:\/\/www.gisoojewels.ch\/de\/wp-json\/wp\/v2\/product_tag?post=9486"}],"curies":[{"name":"wp","href":"https:\/\/api.w.org\/{rel}","templated":true}]}}