{"id":9352,"date":"2024-11-14T18:57:14","date_gmt":"2024-11-14T17:57:14","guid":{"rendered":"https:\/\/www.gisoojewels.ch\/?post_type=product&#038;p=9352"},"modified":"2024-12-16T12:32:52","modified_gmt":"2024-12-16T11:32:52","slug":"boucles-doreilles-cygnes-560","status":"publish","type":"product","link":"https:\/\/www.gisoojewels.ch\/de\/laden\/boucles-doreilles-cygnes-560\/","title":{"rendered":"Boucles d&#8217;oreilles Cygnes en Tandem &#8211; CRISTAL 560"},"content":{"rendered":"<p>Les\u00a0<strong><a href=\"https:\/\/www.gisoojewels.ch\/fr\/categorie-produit\/boucles-doreilles\/\">Boucles d&#8217;oreilles<\/a> Cygnes en Tandem &#8211; <a href=\"https:\/\/www.gisoojewels.ch\/fr\/categorie-produit\/cristal\/\">CRISTAL<\/a> 560<\/strong>\u00a0incarnent l&#8217;\u00e9l\u00e9gance et la d\u00e9licatesse. Fabriqu\u00e9es en blanc argent\u00e9 (Or blanc), elles pr\u00e9sentent de magnifiques cristaux jaunes qui \u00e9voquent la silhouette gracieuse de deux cygnes en tandem. Leur design unique et leur finition de haute qualit\u00e9 en font un accessoire de choix pour les occasions sp\u00e9ciales ou pour ajouter une touche sophistiqu\u00e9e \u00e0 votre look quotidien.<\/p>\n<p>Ces <a href=\"https:\/\/www.gisoojewels.ch\/fr\/categorie-produit\/clous-doreilles\/\">clous d&#8217;oreilles<\/a> sont dot\u00e9s d&#8217;un\u00a0<strong>fermoir papillon s\u00e9curis\u00e9<\/strong>\u00a0et mesurent\u00a0<strong>13 mm de largeur<\/strong>\u00a0sur\u00a0<strong>11 mm de longueur<\/strong>, une taille parfaite pour un style discret mais chic. Hypoallerg\u00e9niques, sans nickel ni plomb, elles conviennent parfaitement aux peaux sensibles et offrent un confort optimal tout au long de la journ\u00e9e.<\/p>\n<p>Apportez un \u00e9clat dor\u00e9 et un symbolisme \u00e9l\u00e9gant \u00e0 vos tenues avec ces boucles d&#8217;oreilles en forme de cygnes, parfaites pour toutes les occasions.<\/p>\n\n\n<div class=\"kk-star-ratings kksr-auto kksr-align-center kksr-valign-bottom\"\n    data-payload='{&quot;align&quot;:&quot;center&quot;,&quot;id&quot;:&quot;9352&quot;,&quot;slug&quot;:&quot;default&quot;,&quot;valign&quot;:&quot;bottom&quot;,&quot;ignore&quot;:&quot;&quot;,&quot;reference&quot;:&quot;auto&quot;,&quot;class&quot;:&quot;&quot;,&quot;count&quot;:&quot;0&quot;,&quot;legendonly&quot;:&quot;&quot;,&quot;readonly&quot;:&quot;&quot;,&quot;score&quot;:&quot;0&quot;,&quot;starsonly&quot;:&quot;&quot;,&quot;best&quot;:&quot;5&quot;,&quot;gap&quot;:&quot;5&quot;,&quot;greet&quot;:&quot;Diese Seite bewerten&quot;,&quot;legend&quot;:&quot;0\\\/5 - (0 votes)&quot;,&quot;size&quot;:&quot;20&quot;,&quot;title&quot;:&quot;Boucles d\\u0026#039;oreilles Cygnes en Tandem - CRISTAL 560&quot;,&quot;width&quot;:&quot;0&quot;,&quot;_legend&quot;:&quot;{score}\\\/{best} - ({count} {votes})&quot;,&quot;font_factor&quot;:&quot;1.25&quot;}'>\n            \n<div class=\"kksr-stars\">\n    \n<div class=\"kksr-stars-inactive\">\n            <div class=\"kksr-star\" data-star=\"1\" style=\"padding-right: 5px\">\n            \n\n<div class=\"kksr-icon\" style=\"width: 20px; height: 20px;\"><\/div>\n        <\/div>\n            <div class=\"kksr-star\" data-star=\"2\" style=\"padding-right: 5px\">\n            \n\n<div class=\"kksr-icon\" style=\"width: 20px; height: 20px;\"><\/div>\n        <\/div>\n            <div class=\"kksr-star\" data-star=\"3\" style=\"padding-right: 5px\">\n            \n\n<div class=\"kksr-icon\" style=\"width: 20px; height: 20px;\"><\/div>\n        <\/div>\n            <div class=\"kksr-star\" data-star=\"4\" style=\"padding-right: 5px\">\n            \n\n<div class=\"kksr-icon\" style=\"width: 20px; height: 20px;\"><\/div>\n        <\/div>\n            <div class=\"kksr-star\" data-star=\"5\" style=\"padding-right: 5px\">\n            \n\n<div class=\"kksr-icon\" style=\"width: 20px; height: 20px;\"><\/div>\n        <\/div>\n    <\/div>\n    \n<div class=\"kksr-stars-active\" style=\"width: 0px;\">\n            <div class=\"kksr-star\" style=\"padding-right: 5px\">\n            \n\n<div class=\"kksr-icon\" style=\"width: 20px; height: 20px;\"><\/div>\n        <\/div>\n            <div class=\"kksr-star\" style=\"padding-right: 5px\">\n            \n\n<div class=\"kksr-icon\" style=\"width: 20px; height: 20px;\"><\/div>\n        <\/div>\n            <div class=\"kksr-star\" style=\"padding-right: 5px\">\n            \n\n<div class=\"kksr-icon\" style=\"width: 20px; height: 20px;\"><\/div>\n        <\/div>\n            <div class=\"kksr-star\" style=\"padding-right: 5px\">\n            \n\n<div class=\"kksr-icon\" style=\"width: 20px; height: 20px;\"><\/div>\n        <\/div>\n            <div class=\"kksr-star\" style=\"padding-right: 5px\">\n            \n\n<div class=\"kksr-icon\" style=\"width: 20px; height: 20px;\"><\/div>\n        <\/div>\n    <\/div>\n<\/div>\n                \n\n<div class=\"kksr-legend\" style=\"font-size: 16px;\">\n            <span class=\"kksr-muted\">Diese Seite bewerten<\/span>\n    <\/div>\n    <\/div>\n","protected":false},"excerpt":{"rendered":"<p>D\u00e9couvrez les\u00a0<strong>Boucles d&#8217;oreilles Cygnes en Tandem &#8211; CRISTAL 560<\/strong>\u00a0en blanc argent\u00e9. Ces clous d&#8217;oreilles \u00e9l\u00e9gants, orn\u00e9s de cristaux jaunes en forme de cygnes, sont hypoallerg\u00e9niques et con\u00e7us pour un confort prolong\u00e9 gr\u00e2ce \u00e0 leur fermoir papillon s\u00e9curis\u00e9. Id\u00e9al pour les peaux sensibles, ce bijou de 13 mm de largeur et 11 mm de longueur ajoute une touche de gr\u00e2ce et de raffinement \u00e0 votre style.<\/p>\n","protected":false},"featured_media":9353,"comment_status":"open","ping_status":"closed","template":"","meta":[],"product_brand":[],"product_cat":[890,387,598],"product_tag":[1104,1112,1109,1106,1113,1107,1038,1108,1102,1101,1103,894,1105,1016,1110,1111],"class_list":{"0":"post-9352","1":"product","2":"type-product","3":"status-publish","4":"has-post-thumbnail","6":"product_cat-clous-doreilles","7":"product_cat-boucles-doreilles","8":"product_cat-cristal","9":"product_tag-accessoires-peaux-sensibles","10":"product_tag-bijouterie-suisse","11":"product_tag-bijoux-blancs","12":"product_tag-bijoux-chic","13":"product_tag-bijoux-hypoallergeniques-2","14":"product_tag-bijoux-lumineux","15":"product_tag-bijoux-sans-nickel","16":"product_tag-bijoux-tendance","17":"product_tag-boucles-doreilles-cristal-jaune","18":"product_tag-boucles-doreilles-cygnes","19":"product_tag-boucles-doreilles-or-blanc","20":"product_tag-clous-doreilles","21":"product_tag-elegance-bijoux","22":"product_tag-fermoir-papillon","23":"product_tag-gisoo","24":"product_tag-gisoo-jewels","25":"pa_clasp-fermoir-papillon","26":"pa_color-blanc-argente-or-blanc","27":"pa_earring-type-clous-d-oreilles","28":"pa_gemstone-cristal-jaune-saphir-jaune","30":"first","31":"instock","32":"featured","33":"shipping-taxable","34":"purchasable","35":"product-type-simple"},"_links":{"self":[{"href":"https:\/\/www.gisoojewels.ch\/de\/wp-json\/wp\/v2\/product\/9352","targetHints":{"allow":["GET"]}}],"collection":[{"href":"https:\/\/www.gisoojewels.ch\/de\/wp-json\/wp\/v2\/product"}],"about":[{"href":"https:\/\/www.gisoojewels.ch\/de\/wp-json\/wp\/v2\/types\/product"}],"replies":[{"embeddable":true,"href":"https:\/\/www.gisoojewels.ch\/de\/wp-json\/wp\/v2\/comments?post=9352"}],"version-history":[{"count":0,"href":"https:\/\/www.gisoojewels.ch\/de\/wp-json\/wp\/v2\/product\/9352\/revisions"}],"wp:featuredmedia":[{"embeddable":true,"href":"https:\/\/www.gisoojewels.ch\/de\/wp-json\/wp\/v2\/media\/9353"}],"wp:attachment":[{"href":"https:\/\/www.gisoojewels.ch\/de\/wp-json\/wp\/v2\/media?parent=9352"}],"wp:term":[{"taxonomy":"product_brand","embeddable":true,"href":"https:\/\/www.gisoojewels.ch\/de\/wp-json\/wp\/v2\/product_brand?post=9352"},{"taxonomy":"product_cat","embeddable":true,"href":"https:\/\/www.gisoojewels.ch\/de\/wp-json\/wp\/v2\/product_cat?post=9352"},{"taxonomy":"product_tag","embeddable":true,"href":"https:\/\/www.gisoojewels.ch\/de\/wp-json\/wp\/v2\/product_tag?post=9352"}],"curies":[{"name":"wp","href":"https:\/\/api.w.org\/{rel}","templated":true}]}}