{"id":9073,"date":"2024-10-22T18:51:19","date_gmt":"2024-10-22T16:51:19","guid":{"rendered":"https:\/\/www.gisoojewels.ch\/?post_type=product&#038;p=9073"},"modified":"2024-12-16T12:32:52","modified_gmt":"2024-12-16T11:32:52","slug":"boucles-doreilles-eclat-de-vagues-aqua-chic-751","status":"publish","type":"product","link":"https:\/\/www.gisoojewels.ch\/de\/laden\/boucles-doreilles-eclat-de-vagues-aqua-chic-751\/","title":{"rendered":"Boucles d&#8217;oreilles \u00c9clat de Vagues &#8211; AQUA CHIC 751"},"content":{"rendered":"<p>Ajoutez une touche d&#8217;\u00e9l\u00e9gance \u00e0 votre look avec les <strong>Boucles d&#8217;oreilles \u00c9clat de Vagues &#8211; AQUA CHIC 751<\/strong>. Ces demi-cr\u00e9oles en acier inoxydable sont le choix parfait pour celles qui recherchent un style \u00e0 la fois raffin\u00e9 et intemporel. Leur design fluide et ondul\u00e9 rappelle des vagues d\u00e9licates, faisant de ces boucles un accessoire chic pour toutes les occasions.<\/p>\n<p>Avec une largeur de 13 mm et une longueur de 19 mm, elles offrent une taille id\u00e9ale pour rehausser subtilement vos tenues. Dot\u00e9es d&#8217;un fermoir papillon, elles sont faciles \u00e0 mettre et \u00e0 enlever, tout en assurant un maintien s\u00fbr. Con\u00e7ues pour durer, ces boucles d&#8217;oreilles sont non seulement r\u00e9sistantes \u00e0 l&#8217;eau, mais aussi hypoallerg\u00e9niques, sans plomb et sans nickel, ce qui les rend parfaites pour les peaux sensibles. Vous pouvez les porter confortablement toute la journ\u00e9e sans crainte d&#8217;irritation.<\/p>\n<p>Que vous les portiez au quotidien ou lors d&#8217;occasions sp\u00e9ciales, les <strong>Boucles d&#8217;oreilles \u00c9clat de Vagues &#8211; AQUA CHIC 751<\/strong> apportent une touche d&#8217;\u00e9clat et de sophistication \u00e0 votre style. Leur conception durable assure une brillance longue dur\u00e9e, faisant de cet accessoire un incontournable dans votre collection de bijoux.<\/p>\n","protected":false},"excerpt":{"rendered":"<p>D\u00e9couvrez les <strong>Boucles d&#8217;oreilles \u00c9clat de Vagues &#8211; AQUA CHIC 751<\/strong>, des demi-cr\u00e9oles en acier inoxydable avec un fermoir papillon. Avec leur largeur de 13 mm et leur longueur de 19 mm, ces boucles d&#8217;oreilles allient \u00e9l\u00e9gance et durabilit\u00e9. Hypoallerg\u00e9niques, r\u00e9sistantes \u00e0 l&#8217;eau, sans plomb et sans nickel, elles sont parfaites pour les peaux sensibles et un usage quotidien.<\/p>\n","protected":false},"featured_media":9302,"comment_status":"open","ping_status":"closed","template":"","meta":[],"product_brand":[],"product_cat":[949,388,390,387,389],"product_tag":[1059,998,1068,1058,1092,1016,1093,1095,1094,1061,1060,1064],"class_list":{"0":"post-9073","1":"product","2":"type-product","3":"status-publish","4":"has-post-thumbnail","6":"product_cat-demi-creoles","7":"product_cat-acier-inoxydable","8":"product_cat-aqua-chic-fr","9":"product_cat-boucles-doreilles","10":"product_cat-resistante-a-l-eau","11":"product_tag-acier-inoxydable","12":"product_tag-bijoux-elegants","13":"product_tag-cadeau-chic","14":"product_tag-demi-creoles","15":"product_tag-earrings-2","16":"product_tag-fermoir-papillon","17":"product_tag-hypoallergenic-2","18":"product_tag-lead-free-2","19":"product_tag-nickel-free-2","20":"product_tag-peaux-sensibles","21":"product_tag-resistantes-a-leau","22":"product_tag-usage-quotidien","23":"pa_clasp-fermoir-papillon","24":"pa_color-acier","25":"pa_earring-type-demi-creoles","26":"pa_length-19-mm","28":"first","29":"instock","30":"featured","31":"shipping-taxable","32":"purchasable","33":"product-type-simple"},"_links":{"self":[{"href":"https:\/\/www.gisoojewels.ch\/de\/wp-json\/wp\/v2\/product\/9073","targetHints":{"allow":["GET"]}}],"collection":[{"href":"https:\/\/www.gisoojewels.ch\/de\/wp-json\/wp\/v2\/product"}],"about":[{"href":"https:\/\/www.gisoojewels.ch\/de\/wp-json\/wp\/v2\/types\/product"}],"replies":[{"embeddable":true,"href":"https:\/\/www.gisoojewels.ch\/de\/wp-json\/wp\/v2\/comments?post=9073"}],"version-history":[{"count":0,"href":"https:\/\/www.gisoojewels.ch\/de\/wp-json\/wp\/v2\/product\/9073\/revisions"}],"wp:featuredmedia":[{"embeddable":true,"href":"https:\/\/www.gisoojewels.ch\/de\/wp-json\/wp\/v2\/media\/9302"}],"wp:attachment":[{"href":"https:\/\/www.gisoojewels.ch\/de\/wp-json\/wp\/v2\/media?parent=9073"}],"wp:term":[{"taxonomy":"product_brand","embeddable":true,"href":"https:\/\/www.gisoojewels.ch\/de\/wp-json\/wp\/v2\/product_brand?post=9073"},{"taxonomy":"product_cat","embeddable":true,"href":"https:\/\/www.gisoojewels.ch\/de\/wp-json\/wp\/v2\/product_cat?post=9073"},{"taxonomy":"product_tag","embeddable":true,"href":"https:\/\/www.gisoojewels.ch\/de\/wp-json\/wp\/v2\/product_tag?post=9073"}],"curies":[{"name":"wp","href":"https:\/\/api.w.org\/{rel}","templated":true}]}}