{"id":8981,"date":"2024-10-11T15:11:01","date_gmt":"2024-10-11T13:11:01","guid":{"rendered":"https:\/\/www.gisoojewels.ch\/?post_type=product&#038;p=8981"},"modified":"2025-02-13T10:22:56","modified_gmt":"2025-02-13T09:22:56","slug":"boucles-doreilles-poissons-eclatants-cristal-661","status":"publish","type":"product","link":"https:\/\/www.gisoojewels.ch\/de\/laden\/boucles-doreilles-poissons-eclatants-cristal-661\/","title":{"rendered":"Boucles d&#8217;oreilles Poissons \u00c9clatants &#8211; CRISTAL 661"},"content":{"rendered":"<p>Plongez dans l&#8217;\u00e9l\u00e9gance avec les boucles d&#8217;oreilles <strong>Poissons \u00c9clatants &#8211; CRISTAL 661<\/strong>. Ces superbes clous d&#8217;oreilles en forme de poisson captivent par leur design unique et raffin\u00e9. Leurs d\u00e9tails sont m\u00e9ticuleusement r\u00e9alis\u00e9s en <strong>or blanc argent\u00e9<\/strong>, mettant en valeur de magnifiques <strong>cristaux bleus saphir<\/strong> qui capturent la lumi\u00e8re avec \u00e9clat. Dot\u00e9es d&#8217;un <strong>fermoir papillon<\/strong> pour une s\u00e9curit\u00e9 optimale, ces boucles mesurent <strong>15 mm de large et 9 mm de long<\/strong>, id\u00e9ales pour ajouter une touche discr\u00e8te mais sophistiqu\u00e9e \u00e0 vos tenues.<\/p>\n<p>Con\u00e7ues pour offrir un confort maximal, ces boucles d&#8217;oreilles sont <strong>hypoallerg\u00e9niques<\/strong>, sans <strong>nickel ni plomb<\/strong>, ce qui les rend parfaites pour les peaux sensibles et un usage quotidien. Que ce soit pour une sortie sp\u00e9ciale ou pour rehausser votre look quotidien, ces boucles d\u2019oreilles sont un incontournable pour toutes les amoureuses de bijoux d\u00e9licats inspir\u00e9s de la nature.<\/p>\n","protected":false},"excerpt":{"rendered":"<p>Ajoutez une touche d\u2019\u00e9l\u00e9gance marine \u00e0 votre collection avec ces boucles d\u2019oreilles <strong>Poissons \u00c9clatants &#8211; CRISTAL 661<\/strong>. Fabriqu\u00e9es en <strong>or blanc argent\u00e9<\/strong> et orn\u00e9es de <strong>cristaux bleus saphir<\/strong>, ces <strong>clous d\u2019oreilles<\/strong> avec fermoir papillon sont parfaits pour les peaux sensibles gr\u00e2ce \u00e0 leur composition <strong>hypoallerg\u00e9nique sans nickel ni plomb<\/strong>. Dimensions : <strong>15 mm de large et 9 mm de long<\/strong>.<\/p>\n","protected":false},"featured_media":9334,"comment_status":"open","ping_status":"closed","template":"","meta":[],"product_brand":[],"product_cat":[890,387,598],"product_tag":[1113,1039,999,1038,917,1040,907,1035,1041,894,1042,1036,1015,1037],"class_list":{"0":"post-8981","1":"product","2":"type-product","3":"status-publish","4":"has-post-thumbnail","6":"product_cat-clous-doreilles","7":"product_cat-boucles-doreilles","8":"product_cat-cristal","9":"product_tag-bijoux-hypoallergeniques-2","10":"product_tag-bijoux-ocean","11":"product_tag-bijoux-pour-peaux-sensibles","12":"product_tag-bijoux-sans-nickel","13":"product_tag-boucles-doreilles","14":"product_tag-boucles-doreilles-cristal","15":"product_tag-boucles-doreilles-elegantes","16":"product_tag-boucles-doreilles-poisson","17":"product_tag-boucles-doreilles-poissons-eclatants","18":"product_tag-clous-doreilles","19":"product_tag-cristal-661","20":"product_tag-cristal-bleu","21":"product_tag-or-blanc","22":"product_tag-saphir","23":"pa_clasp-fermoir-papillon","24":"pa_color-blanc-argente-or-blanc","25":"pa_earring-type-clous-d-oreilles","26":"pa_gemstone-cristal-bleu-saphir","27":"pa_length-9-mm","29":"first","30":"instock","31":"shipping-taxable","32":"purchasable","33":"product-type-simple"},"_links":{"self":[{"href":"https:\/\/www.gisoojewels.ch\/de\/wp-json\/wp\/v2\/product\/8981","targetHints":{"allow":["GET"]}}],"collection":[{"href":"https:\/\/www.gisoojewels.ch\/de\/wp-json\/wp\/v2\/product"}],"about":[{"href":"https:\/\/www.gisoojewels.ch\/de\/wp-json\/wp\/v2\/types\/product"}],"replies":[{"embeddable":true,"href":"https:\/\/www.gisoojewels.ch\/de\/wp-json\/wp\/v2\/comments?post=8981"}],"version-history":[{"count":0,"href":"https:\/\/www.gisoojewels.ch\/de\/wp-json\/wp\/v2\/product\/8981\/revisions"}],"wp:featuredmedia":[{"embeddable":true,"href":"https:\/\/www.gisoojewels.ch\/de\/wp-json\/wp\/v2\/media\/9334"}],"wp:attachment":[{"href":"https:\/\/www.gisoojewels.ch\/de\/wp-json\/wp\/v2\/media?parent=8981"}],"wp:term":[{"taxonomy":"product_brand","embeddable":true,"href":"https:\/\/www.gisoojewels.ch\/de\/wp-json\/wp\/v2\/product_brand?post=8981"},{"taxonomy":"product_cat","embeddable":true,"href":"https:\/\/www.gisoojewels.ch\/de\/wp-json\/wp\/v2\/product_cat?post=8981"},{"taxonomy":"product_tag","embeddable":true,"href":"https:\/\/www.gisoojewels.ch\/de\/wp-json\/wp\/v2\/product_tag?post=8981"}],"curies":[{"name":"wp","href":"https:\/\/api.w.org\/{rel}","templated":true}]}}