{"id":8031,"date":"2024-06-09T22:11:43","date_gmt":"2024-06-09T20:11:43","guid":{"rendered":"https:\/\/www.gisoojewels.ch\/product\/ohrstecker-aqua-chic-851-gold\/"},"modified":"2024-06-09T22:11:43","modified_gmt":"2024-06-09T20:11:43","slug":"ohrstecker-aqua-chic-851-gold","status":"publish","type":"product","link":"https:\/\/www.gisoojewels.ch\/de\/laden\/ohrstecker-aqua-chic-851-gold\/","title":{"rendered":"Kubische Chiclets Ohrstecker &#8211; AQUA CHIC 851 vergoldet"},"content":{"rendered":"<div class=\"flex-1 overflow-hidden\">\n<div class=\"react-scroll-to-bottom--css-gdjej-79elbk h-full\">\n<div class=\"react-scroll-to-bottom--css-gdjej-1n7m0yu\">\n<div class=\"flex flex-col text-sm pb-9\">\n<div class=\"w-full text-token-text-primary\" dir=\"auto\" data-testid=\"conversation-turn-19\" data-scroll-anchor=\"true\">\n<div class=\"py-2 juice:py-[18px] px-3 text-base md:px-4 m-auto md:px-5 lg:px-1 xl:px-5\">\n<div class=\"mx-auto flex flex-1 gap-3 text-base juice:gap-4 juice:md:gap-5 juice:lg:gap-6 md:max-w-3xl lg:max-w-[40rem] xl:max-w-[48rem]\">\n<div class=\"group\/conversation-turn relative flex w-full min-w-0 flex-col agent-turn\">\n<div class=\"flex-col gap-1 md:gap-3\">\n<div class=\"flex flex-grow flex-col max-w-full\">\n<div class=\"min-h-[20px] text-message flex flex-col items-start whitespace-pre-wrap break-words [.text-message+&amp;]:mt-5 juice:w-full juice:items-end overflow-x-auto gap-2\" dir=\"auto\" data-message-author-role=\"assistant\" data-message-id=\"ef062d32-8ae3-4bdc-8d13-68a3930e9436\">\n<div class=\"flex w-full flex-col gap-1 juice:empty:hidden juice:first:pt-[3px]\">\n<div class=\"markdown prose w-full break-words dark:prose-invert dark\"> Diese exquisiten Ohrstecker bestechen durch ein zeitloses Design, das Ihren Stil mit m\u00fchelosem Charme unterstreicht. <strong>Hauptmerkmale:<\/strong><\/p>\n<ul>\n<li><strong>Gr\u00f6\u00dfe:<\/strong> Jeder Ohrring misst 10&#215;10 mm und bietet eine subtile, aber dennoch eindrucksvolle Pr\u00e4senz.<\/li>\n<li><strong>Farbe:<\/strong> Mit ihrer luxuri\u00f6sen 14-kar\u00e4tigen Goldoberfl\u00e4che strahlen diese Ohrringe Opulenz und Raffinesse aus.<\/li>\n<li><strong>Ohrring-Typ:<\/strong> Als Ohrstecker entworfen, bieten sie einen schicken und vielseitigen Stil, der f\u00fcr jede Gelegenheit geeignet ist.<\/li>\n<li><strong>Art der Ohrringr\u00fcckseite:<\/strong> Ausgestattet mit Schmetterlingsverschluss (Push-Back), der einen einfachen und sicheren Verschluss f\u00fcr bequemes Tragen gew\u00e4hrleistet.<\/li>\n<li><strong>Metall:<\/strong> Die aus hochwertigem Edelstahl gefertigten Ohrringe sind langlebig, wasserfest und anlaufbest\u00e4ndig.<\/li>\n<li><strong>Edelstein:<\/strong> Diese Ohrringe enthalten keine Edelsteine, sodass ihr elegantes Design und gl\u00e4nzendes Finish im Mittelpunkt stehen.<\/li>\n<li><strong>Hypoallergen:<\/strong> Nickel- und bleifrei, diese Ohrringe sind sicher f\u00fcr empfindliche Ohren und geeignet f\u00fcr das t\u00e4gliche Tragen.<\/li>\n<li><strong>Vielseitig:<\/strong> Ob im Alltag oder zu besonderen Anl\u00e4ssen, diese Ohrringe erg\u00e4nzen mit ihrer zeitlosen Eleganz m\u00fchelos jedes Ensemble.<\/li>\n<\/ul>\n<p> Erleben Sie die perfekte Mischung aus Stil und Haltbarkeit mit den kubischen Chiclets-Ohrsteckern &#8211; AQUA CHIC 851. Werten Sie Ihren Look mit diesen atemberaubenden Ohrringen auf, die nicht nur zeitlose Eleganz, sondern auch praktische Alltagstauglichkeit bieten. Kaufen Sie jetzt ein und erg\u00e4nzen Sie Ihre Schmucksammlung um einen Hauch von Raffinesse! <\/p><\/div>\n<\/div>\n<\/div>\n<\/div>\n<\/div>\n<\/div>\n<\/div>\n<\/div>\n<\/div>\n<\/div>\n<\/div>\n<\/div>\n<\/div>\n","protected":false},"excerpt":{"rendered":"<p>Verleihen Sie Ihrem Ensemble einen Hauch von Raffinesse mit den kubischen Chiclets- Ohrringen &#8211; AQUA CHIC 851 vergoldet. Diese Ohrstecker mit einer Gr\u00f6\u00dfe von 10&#215;10 mm haben ein schickes Design, das zu jedem Anlass passt. Die Ohrringe sind aus langlebigem Edelstahl gefertigt und mit einem zeitlosen Goldfinish versehen. Sie sind wasserfest, nickel- und bleifrei und somit perfekt f\u00fcr den Alltag geeignet. Die Ohrringe mit Schmetterlingsverschluss sind das perfekte Accessoire, mit dem Sie Ihren Stil m\u00fchelos aufwerten k\u00f6nnen.   <\/p>\n","protected":false},"featured_media":4469,"comment_status":"open","ping_status":"closed","template":"","meta":[],"product_brand":[],"product_cat":[424,422,421,909,423],"product_tag":[934,726,945,944,444,928,943,947,443,932,940,942,727,445,931,941,924,935,728,938,937,936,930,425,939],"class_list":{"0":"post-8031","1":"product","2":"type-product","3":"status-publish","4":"has-post-thumbnail","6":"product_cat-aqua-chic-de","7":"product_cat-edelstahl","8":"product_cat-ohrringe","9":"product_cat-ohrstecker","10":"product_cat-wasserfest","11":"product_tag-10x10-mm-ohrringe","12":"product_tag-alltagskleidung","13":"product_tag-anlaufgeschutzt","14":"product_tag-besondere-anlasse","15":"product_tag-bleifrei","16":"product_tag-edelstahl-ohrringe-de-2","17":"product_tag-elegante-ohrringe","18":"product_tag-glanzende-oberflache","19":"product_tag-hypoallergen-de","20":"product_tag-kubische-chiclets-ohrringe","21":"product_tag-langlebiger-schmuck","22":"product_tag-modeschmuck-de-2","23":"product_tag-modisches-accessoire","24":"product_tag-nickelfrei","25":"product_tag-ohrstecker","26":"product_tag-raffinierte-ohrringe","27":"product_tag-schicker-stil","28":"product_tag-schmetterlingsverschluss-de","29":"product_tag-schmucksammlung","30":"product_tag-sicher-fur-empfindliche-ohren","31":"product_tag-sichere-befestigung","32":"product_tag-steckverschluss","33":"product_tag-vielseitige-ohrringe-de","34":"product_tag-wasserdicht-de","35":"product_tag-zeitloses-design","37":"first","38":"instock","39":"shipping-taxable","40":"purchasable","41":"product-type-simple"},"_links":{"self":[{"href":"https:\/\/www.gisoojewels.ch\/de\/wp-json\/wp\/v2\/product\/8031","targetHints":{"allow":["GET"]}}],"collection":[{"href":"https:\/\/www.gisoojewels.ch\/de\/wp-json\/wp\/v2\/product"}],"about":[{"href":"https:\/\/www.gisoojewels.ch\/de\/wp-json\/wp\/v2\/types\/product"}],"replies":[{"embeddable":true,"href":"https:\/\/www.gisoojewels.ch\/de\/wp-json\/wp\/v2\/comments?post=8031"}],"version-history":[{"count":0,"href":"https:\/\/www.gisoojewels.ch\/de\/wp-json\/wp\/v2\/product\/8031\/revisions"}],"wp:featuredmedia":[{"embeddable":true,"href":"https:\/\/www.gisoojewels.ch\/de\/wp-json\/wp\/v2\/media\/4469"}],"wp:attachment":[{"href":"https:\/\/www.gisoojewels.ch\/de\/wp-json\/wp\/v2\/media?parent=8031"}],"wp:term":[{"taxonomy":"product_brand","embeddable":true,"href":"https:\/\/www.gisoojewels.ch\/de\/wp-json\/wp\/v2\/product_brand?post=8031"},{"taxonomy":"product_cat","embeddable":true,"href":"https:\/\/www.gisoojewels.ch\/de\/wp-json\/wp\/v2\/product_cat?post=8031"},{"taxonomy":"product_tag","embeddable":true,"href":"https:\/\/www.gisoojewels.ch\/de\/wp-json\/wp\/v2\/product_tag?post=8031"}],"curies":[{"name":"wp","href":"https:\/\/api.w.org\/{rel}","templated":true}]}}