{"id":7866,"date":"2024-05-21T18:10:59","date_gmt":"2024-05-21T16:10:59","guid":{"rendered":"https:\/\/www.gisoojewels.ch\/product\/majestaetisches-armband-kristall-591\/"},"modified":"2024-07-25T08:27:43","modified_gmt":"2024-07-25T06:27:43","slug":"majestaetisches-armband-kristall-591","status":"publish","type":"product","link":"https:\/\/www.gisoojewels.ch\/de\/laden\/majestaetisches-armband-kristall-591\/","title":{"rendered":"Blutiges Majest\u00e4tisches Armband &#8211; KRISTALL 591"},"content":{"rendered":"<div class=\"flex flex-grow flex-col max-w-full\">\n<div class=\"min-h-[20px] text-message flex flex-col items-start whitespace-pre-wrap break-words [.text-message+&amp;]:mt-5 juice:w-full juice:items-end overflow-x-auto gap-2\" dir=\"auto\" data-message-author-role=\"assistant\" data-message-id=\"275c8779-023f-4844-a175-081bd82b7d07\">\n<div class=\"flex w-full flex-col gap-1 juice:empty:hidden juice:first:pt-[3px]\">\n<div class=\"markdown prose w-full break-words dark:prose-invert light\"> Dieses exquisite, majest\u00e4tische Accessoire wird Ihren Stil aufwerten und Ihre raffiniertesten Outfits mit seinem luxuri\u00f6sen Charme aufwerten. <strong>Hauptmerkmale:<\/strong><\/p>\n<ul>\n<li><strong>Einstellbare L\u00e4nge:<\/strong> Leicht verstellbar zwischen 17 und 19 cm, um einen bequemen und sicheren Sitz f\u00fcr jede Handgelenksgr\u00f6\u00dfe zu gew\u00e4hrleisten.<\/li>\n<li><strong>Erstklassige Qualit\u00e4t:<\/strong> Das aus hochwertigen Materialien gefertigte St\u00fcck ist sowohl nickel- als auch bleifrei und somit sicher f\u00fcr empfindliche Haut.<\/li>\n<li><strong>Atemberaubendes Mittelst\u00fcck:<\/strong> Das Highlight ist der schillernde Edelstein, der einem rosafarbenen Diamanten \u00e4hnelt und einen lebendigen Hauch von Farbe und Funkeln verleiht.<\/li>\n<li><strong>Langlebiges Design:<\/strong> Dieses langlebige Accessoire verbindet Langlebigkeit mit Eleganz, so dass es \u00fcber Jahre hinweg ein gesch\u00e4tztes St\u00fcck in Ihrer Sammlung bleibt.<\/li>\n<\/ul>\n<p> Dieser Modeschmuck ist perfekt f\u00fcr besondere Anl\u00e4sse und verleiht Ihrem Ensemble einen Hauch von Luxus und Raffinesse. Sein zeitloses Design und der atemberaubende rosafarbene Edelstein in der Mitte machen ihn zu einem auff\u00e4lligen Schmuckst\u00fcck, das jedes elegante Outfit aufwertet. G\u00f6nnen Sie sich oder einem geliebten Menschen dieses sch\u00f6ne St\u00fcck und erleben Sie die perfekte Mischung aus Stil und Raffinesse. Kaufen Sie jetzt und f\u00fcgen Sie Ihrer Sammlung einen Hauch von Majest\u00e4t hinzu! <\/p><\/div>\n<\/div>\n<\/div>\n<\/div>\n<div class=\"mt-1 flex gap-3 empty:hidden juice:-ml-3\">\n<div class=\"items-center justify-start rounded-xl p-1 flex\">\n<div class=\"flex items-center\">\n<div class=\"flex\"><\/div>\n<div class=\"flex items-center pb-0.5 juice:pb-0\">\n<div class=\"[&amp;_svg]:h-full [&amp;_svg]:w-full icon-md h-4 w-4\"><\/div>\n<\/div>\n<\/div>\n<\/div>\n<\/div>\n","protected":false},"excerpt":{"rendered":"<p>Dieses langlebige, nickel- und bleifreie Armband ist in der L\u00e4nge zwischen 17 und 19 cm verstellbar und sorgt f\u00fcr einen anspruchsvollen Stil. Das Herzst\u00fcck ist ein atemberaubender Kristall, der einem rosafarbenen Diamanten \u00e4hnelt und sich perfekt eignet, um Ihren besonderen Anl\u00e4ssen einen Hauch von Luxus zu verleihen.<\/p>\n","protected":false},"featured_media":3366,"comment_status":"open","ping_status":"closed","template":"","meta":[],"product_brand":[1583],"product_cat":[573,599],"product_tag":[865,864],"class_list":{"0":"post-7866","1":"product","2":"type-product","3":"status-publish","4":"has-post-thumbnail","6":"product_brand-gisoo-jewels-de","7":"product_cat-armbander","8":"product_cat-kristall","9":"product_tag-armband","10":"product_tag-kristall","11":"pa_clasp-karabinerverschluss","12":"pa_color-silberweis-weisgold","13":"pa_gemstone-rosa-kristall-rosa-diamant","14":"pa_length-17-19-cm-de","16":"first","17":"instock","18":"featured","19":"shipping-taxable","20":"purchasable","21":"product-type-simple"},"_links":{"self":[{"href":"https:\/\/www.gisoojewels.ch\/de\/wp-json\/wp\/v2\/product\/7866","targetHints":{"allow":["GET"]}}],"collection":[{"href":"https:\/\/www.gisoojewels.ch\/de\/wp-json\/wp\/v2\/product"}],"about":[{"href":"https:\/\/www.gisoojewels.ch\/de\/wp-json\/wp\/v2\/types\/product"}],"replies":[{"embeddable":true,"href":"https:\/\/www.gisoojewels.ch\/de\/wp-json\/wp\/v2\/comments?post=7866"}],"version-history":[{"count":0,"href":"https:\/\/www.gisoojewels.ch\/de\/wp-json\/wp\/v2\/product\/7866\/revisions"}],"wp:featuredmedia":[{"embeddable":true,"href":"https:\/\/www.gisoojewels.ch\/de\/wp-json\/wp\/v2\/media\/3366"}],"wp:attachment":[{"href":"https:\/\/www.gisoojewels.ch\/de\/wp-json\/wp\/v2\/media?parent=7866"}],"wp:term":[{"taxonomy":"product_brand","embeddable":true,"href":"https:\/\/www.gisoojewels.ch\/de\/wp-json\/wp\/v2\/product_brand?post=7866"},{"taxonomy":"product_cat","embeddable":true,"href":"https:\/\/www.gisoojewels.ch\/de\/wp-json\/wp\/v2\/product_cat?post=7866"},{"taxonomy":"product_tag","embeddable":true,"href":"https:\/\/www.gisoojewels.ch\/de\/wp-json\/wp\/v2\/product_tag?post=7866"}],"curies":[{"name":"wp","href":"https:\/\/api.w.org\/{rel}","templated":true}]}}