{"id":4637,"date":"2024-06-12T09:51:28","date_gmt":"2024-06-12T07:51:28","guid":{"rendered":"https:\/\/www.gisoojewels.ch\/?post_type=product&#038;p=4637"},"modified":"2024-07-25T23:05:57","modified_gmt":"2024-07-25T21:05:57","slug":"huggie-creolen-ohrringe-aqua-chic-768","status":"publish","type":"product","link":"https:\/\/www.gisoojewels.ch\/de\/laden\/huggie-creolen-ohrringe-aqua-chic-768\/","title":{"rendered":"Kashkul Huggie-Creolen Ohrringe &#8211; AQUA CHIC 768 aus Edelstahl"},"content":{"rendered":"<div class=\"flex-1 overflow-hidden\">\n<div class=\"react-scroll-to-bottom--css-fqmmi-79elbk h-full\">\n<div class=\"react-scroll-to-bottom--css-fqmmi-1n7m0yu\">\n<div class=\"flex flex-col text-sm pb-9\">\n<div class=\"w-full text-token-text-primary\" dir=\"auto\" data-testid=\"conversation-turn-35\" data-scroll-anchor=\"true\">\n<div class=\"py-2 juice:py-[18px] px-3 text-base md:px-4 m-auto md:px-5 lg:px-1 xl:px-5\">\n<div class=\"mx-auto flex flex-1 gap-3 text-base juice:gap-4 juice:md:gap-5 juice:lg:gap-6 md:max-w-3xl lg:max-w-[40rem] xl:max-w-[48rem]\">\n<div class=\"group\/conversation-turn relative flex w-full min-w-0 flex-col agent-turn\">\n<div class=\"flex-col gap-1 md:gap-3\">\n<div class=\"flex flex-grow flex-col max-w-full\">\n<div class=\"min-h-[20px] text-message flex flex-col items-start whitespace-pre-wrap break-words [.text-message+&amp;]:mt-5 juice:w-full juice:items-end overflow-x-auto gap-2\" dir=\"auto\" data-message-author-role=\"assistant\" data-message-id=\"0d4995c3-91f0-4aa5-b83a-24225b5cc736\">\n<div class=\"flex w-full flex-col gap-1 juice:empty:hidden juice:first:pt-[3px]\">\n<div class=\"markdown prose w-full break-words dark:prose-invert light\"> Entdecken Sie zeitlose Eleganz mit den Kashkul Huggie-Creolen <a href=\"https:\/\/www.gisoojewels.ch\/fr\/categorie-produit\/boucles-doreilles\/\">Ohrringen<\/a> &#8211; <a href=\"https:\/\/www.gisoojewels.ch\/fr\/categorie-produit\/aqua-chic-fr\/\">AQUA CHIC<\/a> 768, einer anspruchsvollen Erg\u00e4nzung Ihrer Schmuckkollektion. Diese Huggie-Creolen Ohrringe pr\u00e4sentieren ein schlankes Design, das 20&#215;20 mm misst, und sind aus robustem Edelstahl gefertigt, f\u00fcr langanhaltende Sch\u00f6nheit. <strong>Hauptmerkmale:<\/strong><\/p>\n<ul>\n<li><strong>Gr\u00f6\u00dfe:<\/strong> Jedes Ohrring misst 20&#215;20 mm und bietet eine subtile, aber wirkungsvolle Pr\u00e4senz.<\/li>\n<li><strong>Material:<\/strong> Hergestellt aus hochwertigem Edelstahl sind diese Ohrringe langlebig und best\u00e4ndig gegen Anlaufen.<\/li>\n<li><strong>Ohrringtyp:<\/strong> Entworfen als Huggie-Creolen Ohrringe bieten sie einen schicken und vielseitigen Stil, der f\u00fcr jeden Anlass geeignet ist.<\/li>\n<li><strong>Ohrringverschluss: <\/strong> Ausgestattet mit B\u00fcgelverschl\u00fcssen f\u00fcr einfaches und sicheres Tragen.<\/li>\n<li><strong>Metall:<\/strong> Aus hochwertigem Edelstahl gefertigt, sind diese Ohrringe langlebig und best\u00e4ndig gegen Anlaufen.<\/li>\n<li><strong>Edelstein:<\/strong> Diese Ohrringe enthalten keine Edelsteine, sodass ihr elegantes Design und gl\u00e4nzendes Finish im Mittelpunkt stehen.<\/li>\n<li><strong>Eigenschaften:<\/strong> Hypoallergen, blei- und nickelfrei sowie wasserdicht, was sie f\u00fcr den t\u00e4glichen Gebrauch und verschiedene Anl\u00e4sse geeignet macht.<\/li>\n<\/ul>\n<p> Heben Sie Ihren Look mit den Kashkul Huggie-Creolen Ohrringen &#8211; AQUA CHIC 768 aus Edelstahl Ob f\u00fcr den t\u00e4glichen Gebrauch oder besondere Anl\u00e4sse, diese Ohrringe bieten sowohl Stil als auch Praktikabilit\u00e4t. Kaufen Sie jetzt und genie\u00dfen Sie zeitlose Eleganz mit diesen exquisiten Ohrringen! <\/p><\/div>\n<\/div>\n<\/div>\n<\/div>\n<\/div>\n<\/div>\n<\/div>\n<\/div>\n<\/div>\n<\/div>\n<\/div>\n<\/div>\n<\/div>\n","protected":false},"excerpt":{"rendered":"<p>Heben Sie Ihren Stil mit den Kashkul Huggie-Creolen Ohrringen &#8211; <a href=\"https:\/\/www.gisoojewels.ch\/product-category\/aqua-chic\/\">AQUA CHIC<\/a> 768 in glattem Edelstahl hervor. Diese Huggie-Creolen Ohrringe, die 20&#215;20 mm messen, verf\u00fcgen \u00fcber ein zeitloses Design, das f\u00fcr jeden Anlass geeignet ist. Hergestellt aus robustem Edelstahl, sind diese Ohrringe hypoallergen, blei- und nickelfrei sowie wasserdicht und bieten sowohl Stil als auch Praktikabilit\u00e4t.<\/p>\n","protected":false},"featured_media":4609,"comment_status":"open","ping_status":"closed","template":"","meta":[],"product_brand":[],"product_cat":[424,422,421,423],"product_tag":[444,442,435,430,427,432,434,433,431,441,439,443,436,426,428,445,447,446,429,425],"class_list":{"0":"post-4637","1":"product","2":"type-product","3":"status-publish","4":"has-post-thumbnail","6":"product_cat-aqua-chic-de","7":"product_cat-edelstahl","8":"product_cat-ohrringe","9":"product_cat-wasserfest","10":"product_tag-bleifrei","11":"product_tag-edelstahl-de","12":"product_tag-edelstahl-designs","13":"product_tag-edelstahl-mode","14":"product_tag-edelstahl-ohrringe-de","15":"product_tag-edelstahl-schmuck","16":"product_tag-edelstahl-stil","17":"product_tag-edelstahl-trend","18":"product_tag-elegante_ohrringe","19":"product_tag-elegantes_design","20":"product_tag-huggie_hoop_ohrringe-de","21":"product_tag-hypoallergen-de","22":"product_tag-kashkul_earrings-de","23":"product_tag-mode-accessoires","24":"product_tag-modeschmuck-de","25":"product_tag-nickelfrei","26":"product_tag-praktikabilitat-de","27":"product_tag-stil-de","28":"product_tag-trendige_ohrringe-de","29":"product_tag-wasserdicht-de","30":"pa_clasp-clipverschluss","31":"pa_color-stahl","32":"pa_color-vergoldet","33":"pa_earring-type-huggie-creolen","34":"pa_gemstone-keine-edelsteine","36":"first","37":"instock","38":"featured","39":"shipping-taxable","40":"purchasable","41":"product-type-variable"},"_links":{"self":[{"href":"https:\/\/www.gisoojewels.ch\/de\/wp-json\/wp\/v2\/product\/4637","targetHints":{"allow":["GET"]}}],"collection":[{"href":"https:\/\/www.gisoojewels.ch\/de\/wp-json\/wp\/v2\/product"}],"about":[{"href":"https:\/\/www.gisoojewels.ch\/de\/wp-json\/wp\/v2\/types\/product"}],"replies":[{"embeddable":true,"href":"https:\/\/www.gisoojewels.ch\/de\/wp-json\/wp\/v2\/comments?post=4637"}],"version-history":[{"count":0,"href":"https:\/\/www.gisoojewels.ch\/de\/wp-json\/wp\/v2\/product\/4637\/revisions"}],"wp:featuredmedia":[{"embeddable":true,"href":"https:\/\/www.gisoojewels.ch\/de\/wp-json\/wp\/v2\/media\/4609"}],"wp:attachment":[{"href":"https:\/\/www.gisoojewels.ch\/de\/wp-json\/wp\/v2\/media?parent=4637"}],"wp:term":[{"taxonomy":"product_brand","embeddable":true,"href":"https:\/\/www.gisoojewels.ch\/de\/wp-json\/wp\/v2\/product_brand?post=4637"},{"taxonomy":"product_cat","embeddable":true,"href":"https:\/\/www.gisoojewels.ch\/de\/wp-json\/wp\/v2\/product_cat?post=4637"},{"taxonomy":"product_tag","embeddable":true,"href":"https:\/\/www.gisoojewels.ch\/de\/wp-json\/wp\/v2\/product_tag?post=4637"}],"curies":[{"name":"wp","href":"https:\/\/api.w.org\/{rel}","templated":true}]}}