{"id":10072,"date":"2025-02-26T22:11:29","date_gmt":"2025-02-26T21:11:29","guid":{"rendered":"https:\/\/www.gisoojewels.ch\/?post_type=product&#038;p=10072"},"modified":"2025-02-26T22:15:26","modified_gmt":"2025-02-26T21:15:26","slug":"boucles-doreilles-gloire-ajouree-855","status":"publish","type":"product","link":"https:\/\/www.gisoojewels.ch\/de\/laden\/boucles-doreilles-gloire-ajouree-855\/","title":{"rendered":"Boucles d&#8217;oreilles Gloire Ajour\u00e9e &#8211; AQUA CHIC 855"},"content":{"rendered":"<p data-start=\"3122\" data-end=\"3434\">Mettez en valeur votre f\u00e9minit\u00e9 avec les <strong data-start=\"3163\" data-end=\"3216\">boucles d&#8217;oreilles Gloire Ajour\u00e9e &#8211; AQUA CHIC 855<\/strong>, un bijou qui incarne \u00e0 la fois la modernit\u00e9 et l\u2019\u00e9l\u00e9gance. Con\u00e7ues en <strong data-start=\"3288\" data-end=\"3318\">acier inoxydable plaqu\u00e9 or<\/strong>, elles arborent un <strong data-start=\"3338\" data-end=\"3367\">design ajour\u00e9 sophistiqu\u00e9<\/strong>, jouant d\u00e9licatement avec la lumi\u00e8re pour sublimer votre visage.<\/p>\n<p data-start=\"3436\" data-end=\"3685\">Ces <strong data-start=\"3440\" data-end=\"3456\">demi-cr\u00e9oles<\/strong> mesurent <strong data-start=\"3466\" data-end=\"3507\">24 mm de largeur et 25 mm de longueur<\/strong>, une taille id\u00e9ale pour une touche raffin\u00e9e sans exc\u00e8s. Gr\u00e2ce \u00e0 leur <strong data-start=\"3577\" data-end=\"3597\">fermoir papillon<\/strong>, elles assurent un maintien parfait et un confort optimal tout au long de la journ\u00e9e.<\/p>\n<p data-start=\"3687\" data-end=\"3968\">En plus de leur esth\u00e9tique remarquable, ces boucles d\u2019oreilles sont <strong data-start=\"3755\" data-end=\"3824\">hypoallerg\u00e9niques, r\u00e9sistantes \u00e0 l&#8217;eau, sans nickel et sans plomb<\/strong>, garantissant ainsi une qualit\u00e9 et une durabilit\u00e9 exceptionnelles. Elles sont adapt\u00e9es aux peaux sensibles et con\u00e7ues pour un usage prolong\u00e9.<\/p>\n<p data-start=\"3970\" data-end=\"4233\">Que vous les portiez pour une <strong data-start=\"4000\" data-end=\"4069\">soir\u00e9e \u00e9l\u00e9gante, un look professionnel ou une sortie d\u00e9contract\u00e9e<\/strong>, ces boucles d\u2019oreilles ajoutent une touche de luxe subtil \u00e0 votre style. Int\u00e9grez-les \u00e0 votre collection et adoptez l\u2019\u00e9l\u00e9gance intemporelle de <strong data-start=\"4214\" data-end=\"4230\">Gisoo Jewels<\/strong>.<\/p>\n","protected":false},"excerpt":{"rendered":"<p data-start=\"2496\" data-end=\"3078\">Les <strong data-start=\"2500\" data-end=\"2553\">boucles d&#8217;oreilles Gloire Ajour\u00e9e &#8211; AQUA CHIC 855<\/strong> allient luxe et \u00e9l\u00e9gance avec leur <strong data-start=\"2589\" data-end=\"2619\">design ajour\u00e9 en plaqu\u00e9 or<\/strong>. Fabriqu\u00e9es en <strong data-start=\"2635\" data-end=\"2665\">acier inoxydable plaqu\u00e9 or<\/strong>, elles offrent une brillance raffin\u00e9e et une r\u00e9sistance exceptionnelle. Hypoallerg\u00e9niques, <strong data-start=\"2757\" data-end=\"2807\">sans nickel, sans plomb et r\u00e9sistantes \u00e0 l\u2019eau<\/strong>, elles sont id\u00e9ales pour les peaux sensibles. Leur <strong data-start=\"2859\" data-end=\"2879\">fermoir papillon<\/strong> assure une fixation s\u00e9curis\u00e9e et un confort optimal. Avec une <strong data-start=\"2942\" data-end=\"2987\">largeur de 24 mm et une longueur de 25 mm<\/strong>, ces <strong data-start=\"2993\" data-end=\"3009\">demi-cr\u00e9oles<\/strong> sont parfaites pour un usage quotidien ou des occasions sp\u00e9ciales.<\/p>\n<h3 data-start=\"3080\" data-end=\"3121\"><\/h3>\n","protected":false},"featured_media":10065,"comment_status":"open","ping_status":"closed","template":"","meta":[],"product_brand":[1582],"product_cat":[949,388,390,387,389],"product_tag":[1186,1112,998,1204,1365,1169,1563,1211,1564,1431,1466,1208,1111,1032],"class_list":{"0":"post-10072","1":"product","2":"type-product","3":"status-publish","4":"has-post-thumbnail","6":"product_brand-gisoo-jewels-2","7":"product_cat-demi-creoles","8":"product_cat-acier-inoxydable","9":"product_cat-aqua-chic-fr","10":"product_cat-boucles-doreilles","11":"product_cat-resistante-a-l-eau","12":"product_tag-accessoires-feminins","13":"product_tag-bijouterie-suisse","14":"product_tag-bijoux-elegants","15":"product_tag-bijoux-intemporels","16":"product_tag-bijoux-modernes","17":"product_tag-bijoux-suisses","18":"product_tag-boucles-doreilles-femme","19":"product_tag-boucles-doreilles-plaque-or","20":"product_tag-boucles-doreilles-resistantes-a-leau","21":"product_tag-boucles-doreilles-hypoallergeniques","22":"product_tag-boucles-doreilles-sans-nickel","23":"product_tag-elegance-suisse","24":"product_tag-gisoo-jewels","25":"product_tag-mode-femme","26":"pa_clasp-fermoir-papillon","27":"pa_color-plaque_or","28":"pa_earring-type-demi-creoles","29":"pa_gemstone-sans-pierres","30":"pa_length-25-mm","32":"first","33":"instock","34":"shipping-taxable","35":"purchasable","36":"product-type-simple"},"_links":{"self":[{"href":"https:\/\/www.gisoojewels.ch\/de\/wp-json\/wp\/v2\/product\/10072","targetHints":{"allow":["GET"]}}],"collection":[{"href":"https:\/\/www.gisoojewels.ch\/de\/wp-json\/wp\/v2\/product"}],"about":[{"href":"https:\/\/www.gisoojewels.ch\/de\/wp-json\/wp\/v2\/types\/product"}],"replies":[{"embeddable":true,"href":"https:\/\/www.gisoojewels.ch\/de\/wp-json\/wp\/v2\/comments?post=10072"}],"version-history":[{"count":0,"href":"https:\/\/www.gisoojewels.ch\/de\/wp-json\/wp\/v2\/product\/10072\/revisions"}],"wp:featuredmedia":[{"embeddable":true,"href":"https:\/\/www.gisoojewels.ch\/de\/wp-json\/wp\/v2\/media\/10065"}],"wp:attachment":[{"href":"https:\/\/www.gisoojewels.ch\/de\/wp-json\/wp\/v2\/media?parent=10072"}],"wp:term":[{"taxonomy":"product_brand","embeddable":true,"href":"https:\/\/www.gisoojewels.ch\/de\/wp-json\/wp\/v2\/product_brand?post=10072"},{"taxonomy":"product_cat","embeddable":true,"href":"https:\/\/www.gisoojewels.ch\/de\/wp-json\/wp\/v2\/product_cat?post=10072"},{"taxonomy":"product_tag","embeddable":true,"href":"https:\/\/www.gisoojewels.ch\/de\/wp-json\/wp\/v2\/product_tag?post=10072"}],"curies":[{"name":"wp","href":"https:\/\/api.w.org\/{rel}","templated":true}]}}