{"id":10055,"date":"2025-02-25T22:55:06","date_gmt":"2025-02-25T21:55:06","guid":{"rendered":"https:\/\/www.gisoojewels.ch\/?post_type=product&#038;p=10055"},"modified":"2025-02-25T23:48:18","modified_gmt":"2025-02-25T22:48:18","slug":"boucles-doreilles-poissons-646","status":"publish","type":"product","link":"https:\/\/www.gisoojewels.ch\/de\/laden\/boucles-doreilles-poissons-646\/","title":{"rendered":"Boucles d&#8217;oreilles Poissons \u00c9clatants &#8211; CRISTAL 646"},"content":{"rendered":"<p data-start=\"564\" data-end=\"855\">Laissez-vous s\u00e9duire par la beaut\u00e9 aquatique des <strong data-start=\"613\" data-end=\"668\">Boucles d&#8217;oreilles Poissons \u00c9clatants &#8211; CRISTAL 646<\/strong>. Inspir\u00e9es de l\u2019univers marin, ces clous d\u2019oreilles en or blanc arborent un somptueux cristal vert (\u00e9meraude) taill\u00e9 en goutte d\u2019eau, \u00e9voquant la fra\u00eecheur et l\u2019\u00e9clat des fonds marins.<\/p>\n<p data-start=\"857\" data-end=\"1120\">D\u2019une largeur de 15 mm et d\u2019une longueur de 9 mm, leur design d\u00e9licat et brillant sublime chaque mouvement, refl\u00e9tant la lumi\u00e8re avec \u00e9clat. Le fermoir papillon s\u00e9curis\u00e9 garantit un maintien parfait tout au long de la journ\u00e9e, vous assurant confort et \u00e9l\u00e9gance.<\/p>\n<p data-start=\"1122\" data-end=\"1385\">Hypoallerg\u00e9niques et sans nickel ni plomb, ces boucles d\u2019oreilles sont sp\u00e9cialement con\u00e7ues pour respecter les peaux sensibles. Leur finition r\u00e9sistante \u00e0 l\u2019eau vous permet de les porter en toute s\u00e9r\u00e9nit\u00e9, que ce soit au quotidien ou lors d\u2019occasions sp\u00e9ciales.<\/p>\n<p data-start=\"1387\" data-end=\"1531\">Ajoutez une touche de fra\u00eecheur et de sophistication \u00e0 votre collection avec ces <strong data-start=\"1468\" data-end=\"1486\">bijoux uniques<\/strong>, parfaits pour offrir ou se faire plaisir.<\/p>\n","protected":false},"excerpt":{"rendered":"<p data-start=\"142\" data-end=\"506\">Plongez dans un oc\u00e9an d\u2019\u00e9l\u00e9gance avec les <strong data-start=\"184\" data-end=\"239\">Boucles d&#8217;oreilles Poissons \u00c9clatants &#8211; CRISTAL 646<\/strong>. Ces clous d\u2019oreilles en or blanc, sertis de cristaux verts \u00e9clatants (\u00e9meraude), apportent une touche de fra\u00eecheur et de raffinement \u00e0 votre style. Con\u00e7ues pour un confort optimal, elles sont hypoallerg\u00e9niques, r\u00e9sistantes \u00e0 l\u2019eau et adapt\u00e9es aux peaux sensibles.<\/p>\n","protected":false},"featured_media":10060,"comment_status":"open","ping_status":"closed","template":"","meta":[],"product_brand":[1582],"product_cat":[890,387,598],"product_tag":[1113,1039,999,1038,917,1040,907,1035,1041,1558,1559,894,1042,1560,1561,1015,1037],"class_list":{"0":"post-10055","1":"product","2":"type-product","3":"status-publish","4":"has-post-thumbnail","6":"product_brand-gisoo-jewels-2","7":"product_cat-clous-doreilles","8":"product_cat-boucles-doreilles","9":"product_cat-cristal","10":"product_tag-bijoux-hypoallergeniques-2","11":"product_tag-bijoux-ocean","12":"product_tag-bijoux-pour-peaux-sensibles","13":"product_tag-bijoux-sans-nickel","14":"product_tag-boucles-doreilles","15":"product_tag-boucles-doreilles-cristal","16":"product_tag-boucles-doreilles-elegantes","17":"product_tag-boucles-doreilles-poisson","18":"product_tag-boucles-doreilles-poissons-eclatants","19":"product_tag-boucles-doreilles-cristal-vert","20":"product_tag-boucles-doreilles-emeraude","21":"product_tag-clous-doreilles","22":"product_tag-cristal-661","23":"product_tag-cristal-vert","24":"product_tag-emeraude","25":"product_tag-or-blanc","26":"product_tag-saphir","27":"pa_clasp-fermoir-papillon","28":"pa_color-blanc-argente-or-blanc","29":"pa_earring-type-clous-d-oreilles","30":"pa_gemstone-cristal-vert-emeraude","31":"pa_gemstone-diamant-cz","32":"pa_length-9-mm","34":"first","35":"instock","36":"shipping-taxable","37":"purchasable","38":"product-type-simple"},"_links":{"self":[{"href":"https:\/\/www.gisoojewels.ch\/de\/wp-json\/wp\/v2\/product\/10055","targetHints":{"allow":["GET"]}}],"collection":[{"href":"https:\/\/www.gisoojewels.ch\/de\/wp-json\/wp\/v2\/product"}],"about":[{"href":"https:\/\/www.gisoojewels.ch\/de\/wp-json\/wp\/v2\/types\/product"}],"replies":[{"embeddable":true,"href":"https:\/\/www.gisoojewels.ch\/de\/wp-json\/wp\/v2\/comments?post=10055"}],"version-history":[{"count":0,"href":"https:\/\/www.gisoojewels.ch\/de\/wp-json\/wp\/v2\/product\/10055\/revisions"}],"wp:featuredmedia":[{"embeddable":true,"href":"https:\/\/www.gisoojewels.ch\/de\/wp-json\/wp\/v2\/media\/10060"}],"wp:attachment":[{"href":"https:\/\/www.gisoojewels.ch\/de\/wp-json\/wp\/v2\/media?parent=10055"}],"wp:term":[{"taxonomy":"product_brand","embeddable":true,"href":"https:\/\/www.gisoojewels.ch\/de\/wp-json\/wp\/v2\/product_brand?post=10055"},{"taxonomy":"product_cat","embeddable":true,"href":"https:\/\/www.gisoojewels.ch\/de\/wp-json\/wp\/v2\/product_cat?post=10055"},{"taxonomy":"product_tag","embeddable":true,"href":"https:\/\/www.gisoojewels.ch\/de\/wp-json\/wp\/v2\/product_tag?post=10055"}],"curies":[{"name":"wp","href":"https:\/\/api.w.org\/{rel}","templated":true}]}}