{"id":7037,"date":"2024-07-03T19:40:26","date_gmt":"2024-07-03T17:40:26","guid":{"rendered":"https:\/\/www.gisoojewels.ch\/zur-kasse-2\/"},"modified":"2024-07-27T12:36:55","modified_gmt":"2024-07-27T10:36:55","slug":"gast-oder-anmelden","status":"publish","type":"page","link":"https:\/\/www.gisoojewels.ch\/de\/gast-oder-anmelden\/","title":{"rendered":"Gast oder Anmelden"},"content":{"rendered":"\t\t<div data-elementor-type=\"wp-page\" data-elementor-id=\"7037\" class=\"elementor elementor-7037 elementor-5704\" data-elementor-post-type=\"page\">\n\t\t\t\t<div class=\"wd-negative-gap elementor-element elementor-element-1d16c6a0 e-flex e-con-boxed e-con e-parent\" data-id=\"1d16c6a0\" data-element_type=\"container\" data-e-type=\"container\">\n\t\t\t\t\t<div class=\"e-con-inner\">\n\t\t\t\t<div class=\"elementor-element elementor-element-50fe938 wd-width-100 elementor-widget elementor-widget-wd_title\" data-id=\"50fe938\" data-element_type=\"widget\" data-e-type=\"widget\" data-widget_type=\"wd_title.default\">\n\t\t\t\t<div class=\"elementor-widget-container\">\n\t\t\t\t\t\t\t<div class=\"title-wrapper wd-set-mb reset-last-child wd-title-color-default wd-title-style-default wd-title-size-default text-center\">\n\n\t\t\t\n\t\t\t<div class=\"liner-continer\">\n\t\t\t\t<h4 class=\"woodmart-title-container title wd-fontsize-l\">Wie m\u00f6chten Sie zur Kasse gehen?<\/h4> \n\t\t\t\t\t\t\t<\/div>\n\n\t\t\t\t\t\t\t<div class=\"title-after_title reset-last-child wd-fontsize-xs\">\n\t\t\t\t\t<p>Wenn Sie neu auf unserer Website sind, melden Sie sich an und erhalten Sie eine Gutschrift von 5 CHF f\u00fcr Ihren n\u00e4chsten Einkauf!<\/p>\t\t\t\t<\/div>\n\t\t\t\t\t<\/div>\n\t\t\t\t\t\t<\/div>\n\t\t\t\t<\/div>\n\t\t<div class=\"elementor-element elementor-element-51f436ab e-con-full e-flex e-con e-child\" data-id=\"51f436ab\" data-element_type=\"container\" data-e-type=\"container\">\n\t\t<div class=\"elementor-element elementor-element-7d625f73 e-con-full e-flex e-con e-child\" data-id=\"7d625f73\" data-element_type=\"container\" data-e-type=\"container\">\n\t\t\t\t<div class=\"elementor-element elementor-element-7aa8fece elementor-widget elementor-widget-heading\" data-id=\"7aa8fece\" data-element_type=\"widget\" data-e-type=\"widget\" data-widget_type=\"heading.default\">\n\t\t\t\t<div class=\"elementor-widget-container\">\n\t\t\t\t\t<h2 class=\"elementor-heading-title elementor-size-default\">Bestellung als Gast<\/h2>\t\t\t\t<\/div>\n\t\t\t\t<\/div>\n\t\t\t\t<div class=\"elementor-element elementor-element-55711df2 color-scheme-inherit text-left elementor-widget elementor-widget-text-editor\" data-id=\"55711df2\" data-element_type=\"widget\" data-e-type=\"widget\" data-widget_type=\"text-editor.default\">\n\t\t\t\t<div class=\"elementor-widget-container\">\n\t\t\t\t\t\t\t\t\t<p>Sie k\u00f6nnen auschecken, ohne ein Konto zu erstellen. Sie haben sp\u00e4ter die M\u00f6glichkeit, ein Konto zu erstellen.<\/p>\n\t\t\t\t\t\t\t\t<\/div>\n\t\t\t\t<\/div>\n\t\t\t\t<div class=\"elementor-element elementor-element-895e7d5 elementor-widget elementor-widget-html\" data-id=\"895e7d5\" data-element_type=\"widget\" data-e-type=\"widget\" data-widget_type=\"html.default\">\n\t\t\t\t<div class=\"elementor-widget-container\">\n\t\t\t\t\t<a href=\"https:\/\/www.gisoojewels.ch\/de\/kasse\/?proceed_as_guest=true\" class=\"proceed-as-guest-button\">Als Gast fortfahren<\/a>\t\t\t\t<\/div>\n\t\t\t\t<\/div>\n\t\t\t\t<\/div>\n\t\t<div class=\"elementor-element elementor-element-77ed4eb2 e-con-full e-flex e-con e-child\" data-id=\"77ed4eb2\" data-element_type=\"container\" data-e-type=\"container\">\n\t\t\t\t<div class=\"elementor-element elementor-element-8658c26 elementor-widget elementor-widget-heading\" data-id=\"8658c26\" data-element_type=\"widget\" data-e-type=\"widget\" data-widget_type=\"heading.default\">\n\t\t\t\t<div class=\"elementor-widget-container\">\n\t\t\t\t\t<h2 class=\"elementor-heading-title elementor-size-default\">Einloggen<\/h2>\t\t\t\t<\/div>\n\t\t\t\t<\/div>\n\t\t\t\t<div class=\"elementor-element elementor-element-d51045f elementor-widget elementor-widget-html\" data-id=\"d51045f\" data-element_type=\"widget\" data-e-type=\"widget\" data-widget_type=\"html.default\">\n\t\t\t\t<div class=\"elementor-widget-container\">\n\t\t\t\t\t<form method=\"post\" action=\"https:\/\/www.gisoojewels.ch\/wp-login.php\" class=\"custom-login-register-form\">\r\n        <input type=\"hidden\" name=\"custom_login_form\" value=\"1\">\r\n        <p><label for=\"username\">Benutzername oder E-Mail-Adresse<\/label>\r\n        <input type=\"text\" name=\"log\" id=\"username\" class=\"input\" size=\"20\"><\/p>\r\n        <p><label for=\"password\">Passwort<\/label>\r\n        <input type=\"password\" name=\"pwd\" id=\"password\" class=\"input\" size=\"20\"><\/p>\r\n        <p><input type=\"hidden\" name=\"redirect_to\" value=\"https:\/\/www.gisoojewels.ch\/de\/kasse\/\">\r\n        <button type=\"submit\" name=\"wp-submit\" id=\"wp-submit\">Anmelden<\/button><\/p>\r\n        \r\n        <a class=\"lost-password-link\" href=\"https:\/\/www.gisoojewels.ch\/de\/mein-konto\/passwort-vergessen\/\">Passwort vergessen?<\/a>\r\n    <\/form>\t\t\t\t<\/div>\n\t\t\t\t<\/div>\n\t\t\t\t<\/div>\n\t\t<div class=\"elementor-element elementor-element-6bdc2a37 e-con-full e-flex e-con e-child\" data-id=\"6bdc2a37\" data-element_type=\"container\" data-e-type=\"container\">\n\t\t\t\t<div class=\"elementor-element elementor-element-c265f83 elementor-widget elementor-widget-heading\" data-id=\"c265f83\" data-element_type=\"widget\" data-e-type=\"widget\" data-widget_type=\"heading.default\">\n\t\t\t\t<div class=\"elementor-widget-container\">\n\t\t\t\t\t<h2 class=\"elementor-heading-title elementor-size-default\">Registrieren<\/h2>\t\t\t\t<\/div>\n\t\t\t\t<\/div>\n\t\t\t\t<div class=\"elementor-element elementor-element-b78cdb6 color-scheme-inherit text-left elementor-widget elementor-widget-text-editor\" data-id=\"b78cdb6\" data-element_type=\"widget\" data-e-type=\"widget\" data-widget_type=\"text-editor.default\">\n\t\t\t\t<div class=\"elementor-widget-container\">\n\t\t\t\t\t\t\t\t\t<p>Melden Sie sich noch heute auf unserer Website an und Sie erhalten <span style=\"text-decoration: underline;\"><strong>eine Gutschrift von 5 CHF<\/strong><\/span> f\u00fcr Ihren n\u00e4chsten Einkauf.<\/p>\n<p>Melden Sie sich jetzt an und beginnen Sie zu sparen!<\/p>\n\t\t\t\t\t\t\t\t<\/div>\n\t\t\t\t<\/div>\n\t\t\t\t<div class=\"elementor-element elementor-element-62c88ae elementor-widget elementor-widget-html\" data-id=\"62c88ae\" data-element_type=\"widget\" data-e-type=\"widget\" data-widget_type=\"html.default\">\n\t\t\t\t<div class=\"elementor-widget-container\">\n\t\t\t\t\t<form method=\"post\" action=\"\" class=\"custom-login-register-form\">\r\n        <p><label for=\"reg_email\">E-Mail-Adresse<\/label>\r\n        <input type=\"email\" name=\"user_email\" id=\"reg_email\" class=\"input\" size=\"25\"><\/p>\r\n        <p><label for=\"reg_password\">Passwort<\/label>\r\n        <input type=\"password\" name=\"user_pass\" id=\"reg_password\" class=\"input\" size=\"25\"><\/p>\r\n        <p><input type=\"hidden\" name=\"redirect_to\" value=\"https:\/\/www.gisoojewels.ch\/de\/kasse\/\">\r\n        <button type=\"submit\" name=\"custom_register\">Registrieren<\/button><\/p>\r\n        \r\n    <\/form>\t\t\t\t<\/div>\n\t\t\t\t<\/div>\n\t\t\t\t<\/div>\n\t\t\t\t<\/div>\n\t\t\t\t\t<\/div>\n\t\t\t\t<\/div>\n\t\t\t\t<\/div>\n\t\t","protected":false},"excerpt":{"rendered":"<p>Wie m\u00f6chten Sie zur Kasse gehen? Wenn Sie neu auf unserer Website sind, melden Sie sich an und erhalten Sie<\/p>\n","protected":false},"author":2,"featured_media":0,"parent":0,"menu_order":0,"comment_status":"closed","ping_status":"closed","template":"","meta":{"footnotes":""},"class_list":["post-7037","page","type-page","status-publish","hentry"],"_links":{"self":[{"href":"https:\/\/www.gisoojewels.ch\/de\/wp-json\/wp\/v2\/pages\/7037","targetHints":{"allow":["GET"]}}],"collection":[{"href":"https:\/\/www.gisoojewels.ch\/de\/wp-json\/wp\/v2\/pages"}],"about":[{"href":"https:\/\/www.gisoojewels.ch\/de\/wp-json\/wp\/v2\/types\/page"}],"author":[{"embeddable":true,"href":"https:\/\/www.gisoojewels.ch\/de\/wp-json\/wp\/v2\/users\/2"}],"replies":[{"embeddable":true,"href":"https:\/\/www.gisoojewels.ch\/de\/wp-json\/wp\/v2\/comments?post=7037"}],"version-history":[{"count":0,"href":"https:\/\/www.gisoojewels.ch\/de\/wp-json\/wp\/v2\/pages\/7037\/revisions"}],"wp:attachment":[{"href":"https:\/\/www.gisoojewels.ch\/de\/wp-json\/wp\/v2\/media?parent=7037"}],"curies":[{"name":"wp","href":"https:\/\/api.w.org\/{rel}","templated":true}]}}