{"id":6765,"date":"2024-05-05T06:38:39","date_gmt":"2024-05-05T04:38:39","guid":{"rendered":"https:\/\/www.gisoojewels.ch\/erstattungs-und-rueckgabebestimmungen\/"},"modified":"2024-07-26T14:56:26","modified_gmt":"2024-07-26T12:56:26","slug":"ruckgaben-ruckerstattungen","status":"publish","type":"page","link":"https:\/\/www.gisoojewels.ch\/de\/ruckgaben-ruckerstattungen\/","title":{"rendered":"R\u00fcckgaben und R\u00fcckerstattungen"},"content":{"rendered":"\t\t<div data-elementor-type=\"wp-page\" data-elementor-id=\"6765\" class=\"elementor elementor-6765 elementor-471\" data-elementor-post-type=\"page\">\n\t\t\t\t\t\t<section class=\"wd-negative-gap elementor-section elementor-top-section elementor-element elementor-element-a9c6869 elementor-section-boxed elementor-section-height-default elementor-section-height-default\" data-id=\"a9c6869\" data-element_type=\"section\" data-e-type=\"section\">\n\t\t\t\t\t\t<div class=\"elementor-container elementor-column-gap-default\">\n\t\t\t\t\t<div class=\"elementor-column elementor-col-100 elementor-top-column elementor-element elementor-element-76effaa\" data-id=\"76effaa\" data-element_type=\"column\" data-e-type=\"column\">\n\t\t\t<div class=\"elementor-widget-wrap elementor-element-populated\">\n\t\t\t\t\t\t<section class=\"wd-negative-gap elementor-section elementor-inner-section elementor-element elementor-element-63a31c3 elementor-section-boxed elementor-section-height-default elementor-section-height-default\" data-id=\"63a31c3\" data-element_type=\"section\" data-e-type=\"section\" data-settings=\"{&quot;background_background&quot;:&quot;classic&quot;}\">\n\t\t\t\t\t\t<div class=\"elementor-container elementor-column-gap-default\">\n\t\t\t\t\t<div class=\"elementor-column elementor-col-100 elementor-inner-column elementor-element elementor-element-c03a9da\" data-id=\"c03a9da\" data-element_type=\"column\" data-e-type=\"column\">\n\t\t\t<div class=\"elementor-widget-wrap elementor-element-populated\">\n\t\t\t\t\t\t<div class=\"elementor-element elementor-element-f5048ea elementor-widget elementor-widget-heading\" data-id=\"f5048ea\" data-element_type=\"widget\" data-e-type=\"widget\" data-widget_type=\"heading.default\">\n\t\t\t\t<div class=\"elementor-widget-container\">\n\t\t\t\t\t<h2 class=\"elementor-heading-title elementor-size-default\">R\u00fcckgaben und R\u00fcckerstattungen<\/h2>\t\t\t\t<\/div>\n\t\t\t\t<\/div>\n\t\t\t\t<div class=\"elementor-element elementor-element-dda7923 color-scheme-inherit text-left elementor-widget elementor-widget-text-editor\" data-id=\"dda7923\" data-element_type=\"widget\" data-e-type=\"widget\" data-widget_type=\"text-editor.default\">\n\t\t\t\t<div class=\"elementor-widget-container\">\n\t\t\t\t\t\t\t\t\t<p>Version 0.9, 08. Januar 2023<\/p>\n\t\t\t\t\t\t\t\t<\/div>\n\t\t\t\t<\/div>\n\t\t\t\t\t<\/div>\n\t\t<\/div>\n\t\t\t\t\t<\/div>\n\t\t<\/section>\n\t\t\t\t<div class=\"elementor-element elementor-element-d3b2b00 color-scheme-inherit text-left elementor-widget elementor-widget-text-editor\" data-id=\"d3b2b00\" data-element_type=\"widget\" data-e-type=\"widget\" data-widget_type=\"text-editor.default\">\n\t\t\t\t<div class=\"elementor-widget-container\">\n\t\t\t\t\t\t\t\t\t<p><strong style=\"font-size: 16px;\">\u00dcberblick<\/strong><\/p>\n<p>Unsere Richtlinie f\u00fcr R\u00fcckgaben und R\u00fcckerstattungen dauert 14 Tage und beginnt an dem Tag, an dem Sie Ihre Bestellung erhalten. Wenn seit Ihrem Kauf 14 Tage vergangen sind, k\u00f6nnen wir keine vollst\u00e4ndige R\u00fcckerstattung oder einen Umtausch garantieren. <\/p>\n<p>Um Anspruch auf eine R\u00fcckgabe zu haben, muss Ihr Artikel unbenutzt und in demselben Zustand sein, in dem Sie ihn erhalten haben. Es muss au\u00dferdem in der Originalverpackung sein.<\/p>\n<p>Reduzierte Produkte sind vom R\u00fcckgaberecht ausgenommen. Die R\u00fcckerstattung erfolgt in Form eines einl\u00f6sbaren Gutscheins.<\/p>\n<p>* Um Ihre R\u00fccksendung abzuschlie\u00dfen, ben\u00f6tigen wir eine Quittung oder einen Kaufbeleg.<\/p>\n<p>Es gibt bestimmte Situationen, in denen nur teilweise R\u00fcckerstattungen gew\u00e4hrt werden:<\/p>\n<p>* Any item not in its original condition, is damaged or missing parts for reasons not due to our error.<\/p>\n<p><strong>R\u00fcckerstattungen<\/strong><\/p>\n<p>Sobald Ihre R\u00fccksendung eingegangen und gepr\u00fcft ist, senden wir Ihnen eine E-Mail, um Sie dar\u00fcber zu informieren, dass wir Ihren zur\u00fcckgegebenen Artikel erhalten haben. Wir werden Sie auch \u00fcber die Genehmigung oder Ablehnung Ihrer R\u00fcckerstattung informieren.<\/p>\n<p>If you are approved, then your refund voucher will be issued and send you buy email. , and a credit will automatically be applied to your credit card or original method of payment, within a certain amount of days.<\/p>\n<p><strong>Versp\u00e4tete oder fehlende R\u00fcckerstattungen<\/strong><\/p>\n<p>If you haven\u2019t received a refund voucher yet, first check your email inbox again.<\/p>\n<p>\u00dcberpr\u00fcfen Sie dann Ihren E-Mail-Spam-Ordner.<\/p>\n<p>If you\u2019ve done all of this and you still have not received your refund yet, please contact us at info@gisoojewels.ch.<\/p>\n<p>Ausverkaufsartikel<\/p>\n<p>Es k\u00f6nnen nur Artikel zum regul\u00e4ren Preis erstattet werden. Ausverkaufte Artikel k\u00f6nnen nicht erstattet werden.<\/p>\n<p><strong>Austausch<\/strong><\/p>\n<p>Wir ersetzen Artikel nur, wenn sie defekt oder besch\u00e4digt sind. Wenn Sie es gegen den gleichen Artikel umtauschen m\u00f6chten, senden Sie uns eine E-Mail an info@gisoojewels.ch und senden Sie Ihren Artikel an: Gisoo Jewels, Sentier Jules-Daler 4, 1700 Freiburg.<\/p>\n<p><strong>Geschenke<\/strong><\/p>\n<p>If the item was marked as a gift when purchased and shipped directly to you, you\u2019ll receive a gift credit for the value of your return. Sobald der zur\u00fcckgegebene Artikel eingegangen ist, wird Ihnen ein Geschenkgutschein zugesandt.<\/p>\n<p>If the item wasn\u2019t marked as a gift when purchased, or the gift giver had the order shipped to themselves to give to you later, we will send a refund to the gift giver and they will find out about your return.<\/p>\n<p><strong>Versandr\u00fccksendungen<\/strong><\/p>\n<p>Um Ihr Produkt zur\u00fcckzusenden, senden Sie es bitte an: Gisoo Jewels, Sentier Jules-Daler 4, 1700 Freiburg.<\/p>\n<p>Sie sind f\u00fcr die Kosten der R\u00fccksendung Ihres Artikels selbst verantwortlich (es sei denn, es handelt sich um eine fehlerhafte Lieferung). Versandkosten sind nicht erstattungsf\u00e4hig. Wenn Sie eine R\u00fcckerstattung erhalten, werden die Kosten f\u00fcr den R\u00fcckversand von Ihrer R\u00fcckerstattung abgezogen.<\/p>\n<p>Je nachdem, wo Sie wohnen, kann es unterschiedlich lange dauern, bis Ihr umgetauschtes Produkt Sie erreicht.<\/p>\n<p>Wenn Sie teurere Artikel zur\u00fccksenden, k\u00f6nnen Sie die Nutzung eines verfolgbaren Versandservices oder den Abschluss einer Versandversicherung in Betracht ziehen. We don\u2019t guarantee that we will receive your returned item.<\/p>\n<p><strong>Brauchen Sie Hilfe?<\/strong><\/p>\n<p>Kontaktieren Sie uns unter <a href=\"mailto:info@gisoojewels.ch\"> info@gisoojewels.ch<\/a> f\u00fcr Fragen zu R\u00fcckerstattungen und R\u00fcckgaben.<\/p>\n\t\t\t\t\t\t\t\t<\/div>\n\t\t\t\t<\/div>\n\t\t\t\t\t<\/div>\n\t\t<\/div>\n\t\t\t\t\t<\/div>\n\t\t<\/section>\n\t\t\t\t<\/div>\n\t\t","protected":false},"excerpt":{"rendered":"<p>R\u00fcckgaben und R\u00fcckerstattungen Version 0.9, 08. Januar 2023 \u00dcberblick Unsere Richtlinie f\u00fcr R\u00fcckgaben und R\u00fcckerstattungen dauert 14 Tage und beginnt<\/p>\n","protected":false},"author":2,"featured_media":0,"parent":0,"menu_order":0,"comment_status":"closed","ping_status":"closed","template":"","meta":{"footnotes":""},"class_list":["post-6765","page","type-page","status-publish","hentry"],"_links":{"self":[{"href":"https:\/\/www.gisoojewels.ch\/de\/wp-json\/wp\/v2\/pages\/6765","targetHints":{"allow":["GET"]}}],"collection":[{"href":"https:\/\/www.gisoojewels.ch\/de\/wp-json\/wp\/v2\/pages"}],"about":[{"href":"https:\/\/www.gisoojewels.ch\/de\/wp-json\/wp\/v2\/types\/page"}],"author":[{"embeddable":true,"href":"https:\/\/www.gisoojewels.ch\/de\/wp-json\/wp\/v2\/users\/2"}],"replies":[{"embeddable":true,"href":"https:\/\/www.gisoojewels.ch\/de\/wp-json\/wp\/v2\/comments?post=6765"}],"version-history":[{"count":0,"href":"https:\/\/www.gisoojewels.ch\/de\/wp-json\/wp\/v2\/pages\/6765\/revisions"}],"wp:attachment":[{"href":"https:\/\/www.gisoojewels.ch\/de\/wp-json\/wp\/v2\/media?parent=6765"}],"curies":[{"name":"wp","href":"https:\/\/api.w.org\/{rel}","templated":true}]}}