{"id":1955,"date":"2024-05-01T12:18:31","date_gmt":"2024-05-01T10:18:31","guid":{"rendered":"https:\/\/www.gisoojewels.ch\/versand-und-lieferbedingungen\/"},"modified":"2024-07-26T15:04:57","modified_gmt":"2024-07-26T13:04:57","slug":"versand-lieferungen","status":"publish","type":"page","link":"https:\/\/www.gisoojewels.ch\/de\/versand-lieferungen\/","title":{"rendered":"Versand und Lieferung"},"content":{"rendered":"\t\t<div data-elementor-type=\"wp-page\" data-elementor-id=\"1955\" class=\"elementor elementor-1955 elementor-1409\" data-elementor-post-type=\"page\">\n\t\t\t\t\t\t<section class=\"wd-negative-gap elementor-section elementor-top-section elementor-element elementor-element-c878bde elementor-section-boxed elementor-section-height-default elementor-section-height-default\" data-id=\"c878bde\" data-element_type=\"section\" data-e-type=\"section\">\n\t\t\t\t\t\t<div class=\"elementor-container elementor-column-gap-default\">\n\t\t\t\t\t<div class=\"elementor-column elementor-col-100 elementor-top-column elementor-element elementor-element-e07bd3d\" data-id=\"e07bd3d\" data-element_type=\"column\" data-e-type=\"column\">\n\t\t\t<div class=\"elementor-widget-wrap elementor-element-populated\">\n\t\t\t\t\t\t<div class=\"elementor-element elementor-element-9a6b096 elementor-widget elementor-widget-heading\" data-id=\"9a6b096\" data-element_type=\"widget\" data-e-type=\"widget\" data-widget_type=\"heading.default\">\n\t\t\t\t<div class=\"elementor-widget-container\">\n\t\t\t\t\t<h2 class=\"elementor-heading-title elementor-size-default\">Versand- und Lieferbedingungen<\/h2>\t\t\t\t<\/div>\n\t\t\t\t<\/div>\n\t\t\t\t<div class=\"elementor-element elementor-element-c36a717 color-scheme-inherit text-left elementor-widget elementor-widget-text-editor\" data-id=\"c36a717\" data-element_type=\"widget\" data-e-type=\"widget\" data-widget_type=\"text-editor.default\">\n\t\t\t\t<div class=\"elementor-widget-container\">\n\t\t\t\t\t\t\t\t\t<p><strong>Bearbeitungszeit:<\/strong> Produkte werden in der Regel innerhalb von zwei Werktagen nach Zahlungseingang versendet. Je nach Lagerverf\u00fcgbarkeit und Bestellvolumen kann es zu Verz\u00f6gerungen kommen. Danke f\u00fcr Ihr Verst\u00e4ndnis! <br \/><strong>Versandpartner<\/strong>: Der Warenversand erfolgt mit der Schweizerischen Post f\u00fcr eine zuverl\u00e4ssige und effiziente Zustellung. <br \/><strong>Versandtarife:<\/strong><br \/>Schweiz:<br \/>&#8211; Bestellungen bis CHF 10: Pauschale Expressversandgeb\u00fchr CHF 5<br \/>&#8211; Bestellungen \u00fcber CHF 10: Kostenloser Expressversand<br \/>Europa:<br \/>&#8211; Bestellungen bis CHF 50: Versandkostenpauschale CHF 9<br \/>&#8211; Bestellungen \u00fcber CHF 50: Kostenloser Standardversand <br \/><strong>Lieferzeit<\/strong>: Der Versand der Ware erfolgt innerhalb von 2 Tagen nach Auftragserteilung. Sollte eine rechtzeitige Lieferung nicht m\u00f6glich sein, wird der Kunde innerhalb von 5 Werktagen nach Auftragserteilung benachrichtigt und der neue Liefertermin mitgeteilt. <br \/>Bitte beachten Sie, dass die Sendung in der Regel am darauffolgenden Versandtag bei Ihnen eintrifft. <br \/><strong>Internationaler Versand<\/strong>: Bei internationalen Lieferungen k\u00f6nnen Z\u00f6lle, Steuern und Geb\u00fchren anfallen, die nicht im angezeigten Gesamtpreis enthalten sind. F\u00fcr diese Geb\u00fchren sind die Kunden verantwortlich. <br \/><strong>Auftragsverfolgung<\/strong>: Sobald Ihre Bestellung versandt wurde, erhalten Sie eine Best\u00e4tigungs-E-Mail mit Informationen zur Sendungsverfolgung. Nutzen Sie diese Informationen, um den Status Ihrer Lieferung zu verfolgen. <br \/><strong>Verz\u00f6gerte oder verlorene Sendungen<\/strong>: Obwohl wir uns bem\u00fchen, genaue Liefersch\u00e4tzungen zu liefern, k\u00f6nnen unvorhergesehene Umst\u00e4nde zu Verz\u00f6gerungen f\u00fchren. Wenn es zu erheblichen Verz\u00f6gerungen kommt oder Ihre Sendung verloren geht, wenden Sie sich bitte an unseren Kundendienst. <br \/>Bitte beachten Sie, dass \u201eGisoo Jewels\u201c nicht f\u00fcr die Nichterf\u00fcllung oder versp\u00e4tete Erf\u00fcllung des Vertrages im Falle h\u00f6herer Gewalt oder der Unf\u00e4higkeit unseres Lieferanten und\/oder Dienstleisters zur Lieferung haftbar gemacht werden kann. Dar\u00fcber hinaus kann \u201eGisoo Jewels\u201c nicht f\u00fcr die Nichtlieferung oder versp\u00e4tete Lieferung aufgrund falscher oder unvollst\u00e4ndiger Adressen haftbar gemacht werden. Sollte die bestellte Ware nicht verf\u00fcgbar sein, behalten wir uns vor, die Bestellung nicht auszuf\u00fchren. Der Kunde erh\u00e4lt jedoch eine R\u00fcckerstattung. <br \/><strong>Fragen oder Bedenken<\/strong>: Wenn Sie Fragen oder Bedenken bez\u00fcglich Versand und Lieferung haben, z\u00f6gern Sie bitte nicht, uns zu kontaktieren. Wir sind hier, um Ihnen zu helfen.<\/p>\n\t\t\t\t\t\t\t\t<\/div>\n\t\t\t\t<\/div>\n\t\t\t\t\t<\/div>\n\t\t<\/div>\n\t\t\t\t\t<\/div>\n\t\t<\/section>\n\t\t\t\t<\/div>\n\t\t","protected":false},"excerpt":{"rendered":"<p>Versand- und Lieferbedingungen Bearbeitungszeit: Produkte werden in der Regel innerhalb von zwei Werktagen nach Zahlungseingang versendet. Je nach Lagerverf\u00fcgbarkeit und<\/p>\n","protected":false},"author":2,"featured_media":0,"parent":0,"menu_order":0,"comment_status":"closed","ping_status":"closed","template":"","meta":{"footnotes":""},"class_list":["post-1955","page","type-page","status-publish","hentry"],"_links":{"self":[{"href":"https:\/\/www.gisoojewels.ch\/de\/wp-json\/wp\/v2\/pages\/1955","targetHints":{"allow":["GET"]}}],"collection":[{"href":"https:\/\/www.gisoojewels.ch\/de\/wp-json\/wp\/v2\/pages"}],"about":[{"href":"https:\/\/www.gisoojewels.ch\/de\/wp-json\/wp\/v2\/types\/page"}],"author":[{"embeddable":true,"href":"https:\/\/www.gisoojewels.ch\/de\/wp-json\/wp\/v2\/users\/2"}],"replies":[{"embeddable":true,"href":"https:\/\/www.gisoojewels.ch\/de\/wp-json\/wp\/v2\/comments?post=1955"}],"version-history":[{"count":0,"href":"https:\/\/www.gisoojewels.ch\/de\/wp-json\/wp\/v2\/pages\/1955\/revisions"}],"wp:attachment":[{"href":"https:\/\/www.gisoojewels.ch\/de\/wp-json\/wp\/v2\/media?parent=1955"}],"curies":[{"name":"wp","href":"https:\/\/api.w.org\/{rel}","templated":true}]}}