{"id":1923,"date":"2024-05-01T11:59:09","date_gmt":"2024-05-01T09:59:09","guid":{"rendered":"https:\/\/www.gisoojewels.ch\/datenschutzrichtlinie\/"},"modified":"2024-12-17T23:17:40","modified_gmt":"2024-12-17T22:17:40","slug":"datenschutzrichtlinie","status":"publish","type":"page","link":"https:\/\/www.gisoojewels.ch\/de\/datenschutzrichtlinie\/","title":{"rendered":"Datenschutzrichtlinie"},"content":{"rendered":"\t\t<div data-elementor-type=\"wp-page\" data-elementor-id=\"1923\" class=\"elementor elementor-1923 elementor-1372\" data-elementor-post-type=\"page\">\n\t\t\t\t\t\t<section class=\"wd-negative-gap elementor-section elementor-top-section elementor-element elementor-element-7571e5f elementor-section-boxed elementor-section-height-default elementor-section-height-default\" data-id=\"7571e5f\" data-element_type=\"section\" data-e-type=\"section\">\n\t\t\t\t\t\t<div class=\"elementor-container elementor-column-gap-default\">\n\t\t\t\t\t<div class=\"elementor-column elementor-col-100 elementor-top-column elementor-element elementor-element-9686932\" data-id=\"9686932\" data-element_type=\"column\" data-e-type=\"column\">\n\t\t\t<div class=\"elementor-widget-wrap elementor-element-populated\">\n\t\t\t\t\t\t<section class=\"wd-negative-gap elementor-section elementor-inner-section elementor-element elementor-element-d755460 elementor-section-boxed elementor-section-height-default elementor-section-height-default\" data-id=\"d755460\" data-element_type=\"section\" data-e-type=\"section\" data-settings=\"{&quot;background_background&quot;:&quot;classic&quot;}\">\n\t\t\t\t\t\t<div class=\"elementor-container elementor-column-gap-default\">\n\t\t\t\t\t<div class=\"elementor-column elementor-col-100 elementor-inner-column elementor-element elementor-element-4280883\" data-id=\"4280883\" data-element_type=\"column\" data-e-type=\"column\">\n\t\t\t<div class=\"elementor-widget-wrap elementor-element-populated\">\n\t\t\t\t\t\t<div class=\"elementor-element elementor-element-9ecb500 elementor-widget elementor-widget-heading\" data-id=\"9ecb500\" data-element_type=\"widget\" data-e-type=\"widget\" data-widget_type=\"heading.default\">\n\t\t\t\t<div class=\"elementor-widget-container\">\n\t\t\t\t\t<h2 class=\"elementor-heading-title elementor-size-default\">Datenschutzrichtlinie<\/h2>\t\t\t\t<\/div>\n\t\t\t\t<\/div>\n\t\t\t\t<div class=\"elementor-element elementor-element-110254d color-scheme-inherit text-left elementor-widget elementor-widget-text-editor\" data-id=\"110254d\" data-element_type=\"widget\" data-e-type=\"widget\" data-widget_type=\"text-editor.default\">\n\t\t\t\t<div class=\"elementor-widget-container\">\n\t\t\t\t\t\t\t\t\t<p>Version 1.0, 17. Dezember 2024<\/p>\n\t\t\t\t\t\t\t\t<\/div>\n\t\t\t\t<\/div>\n\t\t\t\t\t<\/div>\n\t\t<\/div>\n\t\t\t\t\t<\/div>\n\t\t<\/section>\n\t\t\t\t<div class=\"elementor-element elementor-element-c564220 color-scheme-inherit text-left elementor-widget elementor-widget-text-editor\" data-id=\"c564220\" data-element_type=\"widget\" data-e-type=\"widget\" data-widget_type=\"text-editor.default\">\n\t\t\t\t<div class=\"elementor-widget-container\">\n\t\t\t\t\t\t\t\t\t<p>Vielen Dank, dass Sie sich f\u00fcr <strong>Gisoo Jewels<\/strong> entschieden haben. In dieser Datenschutzrichtlinie wird dargelegt, wie wir Ihre pers\u00f6nlichen Daten erfassen, verwenden, weitergeben und sch\u00fctzen, wenn Sie unsere Website <a style=\"color: #ba7979;\" href=\"https:\/\/www.gisoojewels.ch\/\"><span style=\"color: #ba7979;\">www.gisoojewels.ch<\/span><\/a> nutzen oder unsere Dienste in Anspruch nehmen.<br \/>Indem Sie auf unsere Dienste zugreifen oder sie nutzen, erkl\u00e4ren Sie sich mit den in dieser Datenschutzerkl\u00e4rung dargelegten Bedingungen einverstanden. Wenn Sie mit diesen Bedingungen nicht einverstanden sind, sehen Sie bitte von der Nutzung unserer Dienste ab. <br \/><strong>Von uns erfasste Informationen:<\/strong><\/p>\n<p>\u2022 <strong>Pers\u00f6nliche Informationen<\/strong>: Wir k\u00f6nnen personenbezogene Daten wie Ihren Namen, Ihre Kontakt- und Rechnungsdaten erfassen, wenn Sie einen Kauf t\u00e4tigen oder ein Konto erstellen.<br \/>Konto erstellen.<br \/>\u2022 <strong>Nicht-pers\u00f6nliche Informationen<\/strong>: Wir k\u00f6nnen nicht-personenbezogene Daten wie Browsertyp, Ger\u00e4teinformationen und Website-Nutzungsstatistiken erfassen, um unsere Dienstleistungen zu verbessern.<\/p>\n<h5>Wie wir Ihre Informationen verwenden:<\/h5>\n<p>Wir verwenden die gesammelten Informationen f\u00fcr verschiedene Zwecke, darunter:<\/p>\n<ul>\n<li>Bearbeitung und Erf\u00fcllung Ihrer Bestellungen.<\/li>\n<li>Verbesserung und Personalisierung Ihres Benutzererlebnisses.<\/li>\n<li>Versenden auftragsbezogener Mitteilungen und Aktualisierungen.<\/li>\n<li>Analyse der Website-Performance und des Nutzerverhaltens.<\/li>\n<li>Einhaltung gesetzlicher Verpflichtungen.<\/li>\n<\/ul>\n<h5>\u0650Offenlegung Ihrer Daten:<\/h5>\n<p>Wir k\u00f6nnen Ihre Daten f\u00fcr bestimmte Zwecke an Dritte weitergeben, darunter:<\/p>\n<ul>\n<li>Dienstleister, die die Website-Funktionalit\u00e4t unterst\u00fctzen.<\/li>\n<li>Rechtskonformit\u00e4t und Schutz vor Betrug.<\/li>\n<li>Ihre ausdr\u00fcckliche Zustimmung oder wie anderweitig gesetzlich vorgeschrieben.<\/li>\n<\/ul>\n<h5>Deine Entscheidungen:<\/h5>\n<p>Sie haben das Recht dazu<\/p>\n<ul>\n<li>Auf Ihre pers\u00f6nlichen Daten zugreifen, diese korrigieren oder l\u00f6schen.<\/li>\n<li>Abmeldung von Werbemitteilungen.<\/li>\n<li>Deaktivieren Sie Cookies \u00fcber Ihre Browsereinstellungen.<\/li>\n<\/ul>\n<h5>Sicherheit:<\/h5>\n<p>Wir setzen branchen\u00fcbliche Sicherheitsma\u00dfnahmen ein, um Ihre Daten zu sch\u00fctzen. Bitte beachten Sie jedoch, dass keine \u00dcbertragungsmethode \u00fcber das Internet v\u00f6llig sicher ist.<\/p>\n<h5>Links von Drittanbietern:<\/h5>\n<p>Unsere Website kann Links zu Websites Dritter enthalten. Wir sind nicht verantwortlich f\u00fcr die Datenschutzpraktiken oder den Inhalt dieser Websites. Wir empfehlen Ihnen, deren Datenschutzrichtlinien zu lesen.<\/p>\n<ul>\n<li>\n<h5>Google reCAPTCHA<\/h5>\n<p>Wir verwenden Google reCAPTCHA auf unserer Website, um uns vor Spam und Missbrauch zu sch\u00fctzen. Dieser Dienst wird von Google LLC bereitgestellt und hilft uns festzustellen, ob die Aktionen auf unserer Website (z. B. das Absenden von Formularen) von Menschen oder automatisierten Bots durchgef\u00fchrt werden. Dazu analysiert reCAPTCHA das Verhalten der Besucher anhand verschiedener Kriterien, wie etwa Mausbewegungen, die auf der Seite verbrachte Zeit und andere technische Daten. Diese Daten werden von Google erfasst und unterliegen deren Datenschutzrichtlinie und Nutzungsbedingungen.   <\/p>\n<p>Weitere Informationen finden Sie hier:<br \/><a href=\"https:\/\/policies.google.com\/privacy\" target=\"_blank\" rel=\"noopener\">Google-Datenschutzrichtlinie<\/a><br \/><a href=\"https:\/\/policies.google.com\/terms\" target=\"_blank\" rel=\"noopener\">Google-Nutzungsbedingungen<\/a><br \/>Durch die Nutzung unserer Website stimmen Sie der Verwendung von Google reCAPTCHA zu.<\/p>\n<\/li>\n<\/ul>\n<h5>Richtlinien Update:<\/h5>\n<p>Wir k\u00f6nnen diese Datenschutzrichtlinie regelm\u00e4\u00dfig aktualisieren. Das Datum der letzten \u00dcberarbeitung wird oben angezeigt. Wir empfehlen, diese Seite regelm\u00e4\u00dfig auf etwaige \u00c4nderungen zu \u00fcberpr\u00fcfen.<\/p>\n<h5>Kontaktiere uns:<\/h5>\n<p>Wenn Sie Fragen, Bedenken oder Anfragen bez\u00fcglich Ihrer Privatsph\u00e4re haben, kontaktieren Sie uns bitte unter <a style=\"color: #ba7777;\" href=\"mailto:support@gisoojewels.ch\"><span style=\"color: #ba7777;\">support@gisoojewels.ch<\/span><\/a>.<br \/>Vielen Dank, dass Sie uns Ihre Informationen anvertrauen.<\/p>\n<p>Gisoo Jewels<br \/>ww.gisoojewels.ch<\/p>\n\t\t\t\t\t\t\t\t<\/div>\n\t\t\t\t<\/div>\n\t\t\t\t\t<\/div>\n\t\t<\/div>\n\t\t\t\t\t<\/div>\n\t\t<\/section>\n\t\t\t\t<section class=\"wd-negative-gap elementor-section elementor-top-section elementor-element elementor-element-27393b1 elementor-section-boxed elementor-section-height-default elementor-section-height-default\" data-id=\"27393b1\" data-element_type=\"section\" data-e-type=\"section\">\n\t\t\t\t\t\t<div class=\"elementor-container elementor-column-gap-default\">\n\t\t\t\t\t<div class=\"elementor-column elementor-col-100 elementor-top-column elementor-element elementor-element-9dd1e3f\" data-id=\"9dd1e3f\" data-element_type=\"column\" data-e-type=\"column\">\n\t\t\t<div class=\"elementor-widget-wrap\">\n\t\t\t\t\t\t\t<\/div>\n\t\t<\/div>\n\t\t\t\t\t<\/div>\n\t\t<\/section>\n\t\t\t\t<\/div>\n\t\t","protected":false},"excerpt":{"rendered":"<p>Datenschutzrichtlinie Version 1.0, 17. Dezember 2024 Vielen Dank, dass Sie sich f\u00fcr Gisoo Jewels entschieden haben. In dieser Datenschutzrichtlinie wird<\/p>\n","protected":false},"author":2,"featured_media":0,"parent":0,"menu_order":0,"comment_status":"closed","ping_status":"closed","template":"","meta":{"footnotes":""},"class_list":["post-1923","page","type-page","status-publish","hentry"],"_links":{"self":[{"href":"https:\/\/www.gisoojewels.ch\/de\/wp-json\/wp\/v2\/pages\/1923","targetHints":{"allow":["GET"]}}],"collection":[{"href":"https:\/\/www.gisoojewels.ch\/de\/wp-json\/wp\/v2\/pages"}],"about":[{"href":"https:\/\/www.gisoojewels.ch\/de\/wp-json\/wp\/v2\/types\/page"}],"author":[{"embeddable":true,"href":"https:\/\/www.gisoojewels.ch\/de\/wp-json\/wp\/v2\/users\/2"}],"replies":[{"embeddable":true,"href":"https:\/\/www.gisoojewels.ch\/de\/wp-json\/wp\/v2\/comments?post=1923"}],"version-history":[{"count":0,"href":"https:\/\/www.gisoojewels.ch\/de\/wp-json\/wp\/v2\/pages\/1923\/revisions"}],"wp:attachment":[{"href":"https:\/\/www.gisoojewels.ch\/de\/wp-json\/wp\/v2\/media?parent=1923"}],"curies":[{"name":"wp","href":"https:\/\/api.w.org\/{rel}","templated":true}]}}