{"id":1909,"date":"2024-05-01T12:36:20","date_gmt":"2024-05-01T12:36:20","guid":{"rendered":"https:\/\/www.gisoojewels.ch\/allgemeine-geschaeftsbedingungen\/"},"modified":"2024-07-11T20:40:45","modified_gmt":"2024-07-11T18:40:45","slug":"agb","status":"publish","type":"page","link":"https:\/\/www.gisoojewels.ch\/de\/agb\/","title":{"rendered":"Allgemeine Gesch\u00e4ftsbedingungen"},"content":{"rendered":"\t\t<div data-elementor-type=\"wp-page\" data-elementor-id=\"1909\" class=\"elementor elementor-1909 elementor-1443\" data-elementor-post-type=\"page\">\n\t\t\t\t\t\t<section class=\"wd-negative-gap elementor-section elementor-top-section elementor-element elementor-element-d9ec2f4 elementor-section-boxed elementor-section-height-default elementor-section-height-default\" data-id=\"d9ec2f4\" data-element_type=\"section\" data-e-type=\"section\">\n\t\t\t\t\t\t<div class=\"elementor-container elementor-column-gap-default\">\n\t\t\t\t\t<div class=\"elementor-column elementor-col-100 elementor-top-column elementor-element elementor-element-d53d28d\" data-id=\"d53d28d\" data-element_type=\"column\" data-e-type=\"column\">\n\t\t\t<div class=\"elementor-widget-wrap elementor-element-populated\">\n\t\t\t\t\t\t<section class=\"wd-negative-gap elementor-section elementor-inner-section elementor-element elementor-element-5b9e1aa elementor-section-boxed elementor-section-height-default elementor-section-height-default\" data-id=\"5b9e1aa\" data-element_type=\"section\" data-e-type=\"section\" data-settings=\"{&quot;background_background&quot;:&quot;classic&quot;}\">\n\t\t\t\t\t\t<div class=\"elementor-container elementor-column-gap-default\">\n\t\t\t\t\t<div class=\"elementor-column elementor-col-100 elementor-inner-column elementor-element elementor-element-986d462\" data-id=\"986d462\" data-element_type=\"column\" data-e-type=\"column\">\n\t\t\t<div class=\"elementor-widget-wrap elementor-element-populated\">\n\t\t\t\t\t\t<div class=\"elementor-element elementor-element-a633aac elementor-widget elementor-widget-heading\" data-id=\"a633aac\" data-element_type=\"widget\" data-e-type=\"widget\" data-widget_type=\"heading.default\">\n\t\t\t\t<div class=\"elementor-widget-container\">\n\t\t\t\t\t<h2 class=\"elementor-heading-title elementor-size-default\">Allgemeine Gesch\u00e4ftsbedingungen<\/h2>\t\t\t\t<\/div>\n\t\t\t\t<\/div>\n\t\t\t\t<div class=\"elementor-element elementor-element-3df21a0 color-scheme-inherit text-left elementor-widget elementor-widget-text-editor\" data-id=\"3df21a0\" data-element_type=\"widget\" data-e-type=\"widget\" data-widget_type=\"text-editor.default\">\n\t\t\t\t<div class=\"elementor-widget-container\">\n\t\t\t\t\t\t\t\t\t<p>Version 0.9, 08. Januar 2023<\/p>\n\t\t\t\t\t\t\t\t<\/div>\n\t\t\t\t<\/div>\n\t\t\t\t\t<\/div>\n\t\t<\/div>\n\t\t\t\t\t<\/div>\n\t\t<\/section>\n\t\t\t\t<div class=\"elementor-element elementor-element-f91fc8c color-scheme-inherit text-left elementor-widget elementor-widget-text-editor\" data-id=\"f91fc8c\" data-element_type=\"widget\" data-e-type=\"widget\" data-widget_type=\"text-editor.default\">\n\t\t\t\t<div class=\"elementor-widget-container\">\n\t\t\t\t\t\t\t\t\t<p style=\"text-align: center;\"><strong>Allgemeine Gesch\u00e4ftsbedingungen (AGB) www.gisoojewels.ch<\/strong><\/p>\n<ol>\n<li>UMFANG<\/li>\n<\/ol>\n<p> Es gelten Bestimmungen f\u00fcr Ihre Nutzung der Website <span style=\"color: #b57070;\"><a style=\"color: #b57070;\" href=\"https:\/\/www.gisoojewels.ch\/de\/\">www.gisoojewels.ch<\/a><\/span> und ihrer Produkte. Unsere Allgemeinen Gesch\u00e4ftsbedingungen (nachfolgend AGB genannt) regeln die Beziehung zwischen \u201eGisoo Jewels, Bahjat Fumani\u201c (nachfolgend \u201eGisoo Jewels\u201c genannt) und unseren Kunden, die im Online-Shop unter <span style=\"color: #b57070;\"><a style=\"color: #b57070;\" href=\"https:\/\/www.gisoojewels.ch\/de\/\">www.gisoojewels.ch<\/a><\/span> einkaufen. Mit der Bestellung akzeptieren Sie diese Bedingungen. Die AGB bilden einen integrierenden Bestandteil des zwischen Ihnen und \u201eGisoo Jewels\u201c geschlossenen Kaufvertrages. <br \/>2. VERTRAGSVEREINBARUNG <br \/>Der Vertrag kommt zustande, wenn der Kunde ein Produkt im Online-Shop <span style=\"color: #b57070;\"><a style=\"color: #b57070;\" href=\"https:\/\/www.gisoojewels.ch\/de\/\">www.gisoojewels.ch<\/a><\/span> bestellt oder einen Direktkauf an einem Pop-up-Stand o.\u00e4. t\u00e4tigt. <br \/>3. PREISE <br \/>Sofern nicht anders angegeben, verstehen sich alle Preise in Schweizer Franken (CHF). Die Preise enthalten keine Mehrwertsteuer, da das Unternehmen derzeit von der Mehrwertsteuer befreit ist. Verpackungs- und Versandkosten werden im Bestellvorgang gesondert ausgewiesen. \u201eGisoo Jewels\u201c beh\u00e4lt sich das Recht vor, die Preise im Laufe des Jahres anzupassen. Es gelten die zum Zeitpunkt des Vertragsschlusses g\u00fcltigen Preise. Nachtr\u00e4glich k\u00f6nnen keine Rabatte gew\u00e4hrt werden. Rabattgutscheine sind nur innerhalb der angegebenen G\u00fcltigkeitsdauer g\u00fcltig. Kundengutschriften f\u00fcr R\u00fccksendungen behalten ihre G\u00fcltigkeit f\u00fcr 2 Jahre. <br \/>4. ZAHLUNG <br \/>\u201eGisoo Jewels\u201c akzeptiert PayPal, Twint und Kredit-\/Debit-\/Prepaidkarten. Bitte beachten Sie, dass jede Zahlung verbindlich ist. Die Ware bleibt bis zur vollst\u00e4ndigen Bezahlung Eigentum von \u201eGisoo Jewels\u201c. <br \/>5. VERSAND UND VERSANDKOSTEN <br \/>Der Warenversand erfolgt in der Regel mit der Schweizerischen Post. <br \/>Schweiz: <br \/>\u2022 Bestellungen bis CHF 10: Pauschale Express-Versandgeb\u00fchr CHF 5 <br \/>\u2022 Bestellungen \u00fcber CHF 10: Kostenloser Expressversand <br \/>Europa: <br \/>\u2022 Bestellungen bis CHF 50: Versandkostenpauschale CHF 9 <br \/>\u2022 Bestellungen \u00fcber CHF 50: Kostenloser Standardversand <br \/>Der Versand der Produkte erfolgt in der Regel innerhalb von zwei Werktagen nach Zahlungseingang. Je nach Lagerverf\u00fcgbarkeit und Bestellvolumen kann es zu Verz\u00f6gerungen kommen. Danke f\u00fcr Ihr Verst\u00e4ndnis! <br \/>Zus\u00e4tzlich k\u00f6nnen bei internationalen Lieferungen Z\u00f6lle, Steuern und Geb\u00fchren anfallen, die nicht im angezeigten Gesamtpreis enthalten sind. F\u00fcr diese Geb\u00fchren sind die Kunden verantwortlich. <br \/>6. LIEFERZEIT <br \/>Der Versand der Ware erfolgt innerhalb von 2 Tagen nach Auftragserteilung. Sollte eine rechtzeitige Lieferung nicht m\u00f6glich sein, wird der Kunde innerhalb von 5 Werktagen nach Auftragserteilung benachrichtigt und der neue Liefertermin mitgeteilt. <br \/>7. R\u00dcCKGABEN <br \/>Im Falle einer R\u00fccksendung f\u00fchrt \u201eGisoo Jewels\u201c R\u00fcckerstattungen unter den folgenden Bedingungen durch: <br \/>a. R\u00fcckerstattungen werden nach erfolgreicher Pr\u00fcfung und Verifizierung des zur\u00fcckgegebenen Produkts bearbeitet. Wenn das Produkt oder sein Etikett besch\u00e4digt ist, beh\u00e4lt sich \u201eGisoo Jewels\u201c das Recht vor, die R\u00fcckerstattung zu verweigern. F\u00fcr eine R\u00fcckerstattung k\u00f6nnen nur ungetragene Artikel in der Originalverpackung angenommen werden. <br \/>b. R\u00fcckerstattungen k\u00f6nnen wahlweise \u00fcber die urspr\u00fcnglich f\u00fcr den Kauf verwendete Zahlungsmethode, eine Bank\u00fcberweisung oder einen einl\u00f6sbaren Gutschein erfolgen. <br \/>c. Um eine R\u00fcckerstattung zu veranlassen, muss sp\u00e4testens 14 Kalendertage nach Erhalt des Produkts ein Antrag \u00fcber das Kontaktformular gestellt werden. R\u00fcckerstattungen bed\u00fcrfen der Genehmigung und werden gem\u00e4\u00df unserer R\u00fcckerstattungsrichtlinie bearbeitet. Es ist zwingend erforderlich, dass Kunden die angegebene Frist f\u00fcr die R\u00fcckerstattung einhalten <br \/>Anfragen. <br \/>d. Bitte beachten Sie, dass nur Artikel zum regul\u00e4ren Preis erstattet werden k\u00f6nnen. Ausverkaufsartikel, die als reduziert oder im Sonderangebot gekennzeichnet sind, k\u00f6nnen nicht erstattet werden. <br \/>e. Etwaige mit dem Erstkauf verbundene Versand- oder Bearbeitungsgeb\u00fchren sind nicht erstattungsf\u00e4hig und der Kunde ist f\u00fcr die R\u00fccksendekosten verantwortlich, es sei denn, die R\u00fccksendung ist auf einen Fehler des gelieferten Produkts zur\u00fcckzuf\u00fchren. <br \/>Bitte beachten Sie, dass die Einhaltung dieser Bedingungen f\u00fcr die Abwicklung von R\u00fcckerstattungen erforderlich ist. Kunden werden gebeten, das Produkt und sein Etikett nach Erhalt sorgf\u00e4ltig zu pr\u00fcfen, um sicherzustellen, dass sie Anspruch auf eine R\u00fcckerstattung haben. <br \/>8. HAFTUNG <br \/>Der Nutzer erkennt an, dass die Verbindung zum Online-Shop \u201eGisoo Jewels\u201c und die Nutzung seiner Produkte ausschlie\u00dflich auf eigenes Risiko erfolgt. \u201eGisoo Jewels\u201c lehnt ausdr\u00fccklich jegliche Verantwortung f\u00fcr etwaige Beitr\u00e4ge oder Nichtverf\u00fcgbarkeit des Dienstes sowie f\u00fcr etwaige Folgen, Risiken oder Probleme im Zusammenhang mit den im Online-Shop angebotenen Produkten ab. F\u00fcr die Beurteilung der Eignung, Verwendung und m\u00f6glicher Auswirkungen der Produkte sind ausschlie\u00dflich die Benutzer verantwortlich. \u201eGisoo Jewels\u201c \u00fcbernimmt f\u00fcr solche Umst\u00e4nde keine Haftung. Diese Klausel gilt auch f\u00fcr m\u00f6gliche mittelbare Sch\u00e4den. <br \/>\u201eGisoo Jewels\u201c kann nicht f\u00fcr die Nichterf\u00fcllung oder versp\u00e4tete Erf\u00fcllung des Vertrages im Falle h\u00f6herer Gewalt oder der Unf\u00e4higkeit unseres Lieferanten und\/oder Dienstleisters zur Lieferung verantwortlich gemacht werden. \u201eGisoo Jewels\u201c kann nicht f\u00fcr die Nichtlieferung oder versp\u00e4tete Lieferung aufgrund falscher oder unvollst\u00e4ndiger Adressen verantwortlich gemacht werden. Sollte die bestellte Ware nicht verf\u00fcgbar sein, behalten wir uns vor, die Bestellung nicht auszuf\u00fchren. Der Kunde erh\u00e4lt jedoch eine R\u00fcckerstattung. <br \/>Hallo, Admin <br \/>9. DATENSCHUTZ <br \/>Ihre pers\u00f6nlichen Daten und s\u00e4mtliche Bestellinformationen werden vertraulich behandelt. Alle Daten werden in \u00dcbereinstimmung mit den schweizerischen Datenschutzgesetzen verarbeitet. <br \/>10. URHEBERRECHT <br \/>S\u00e4mtliche Bilder und Texte unterliegen dem Urheberrecht und d\u00fcrfen nicht ohne unsere Zustimmung verwendet werden. <br \/>11. \u00c4NDERUNGEN <br \/>Diese Allgemeinen Gesch\u00e4ftsbedingungen k\u00f6nnen vom Unternehmen jederzeit ge\u00e4ndert werden. Die neue Fassung tritt mit der Ver\u00f6ffentlichung auf der Website des Unternehmens in Kraft. <br \/>12. PRIORISIERUNG <br \/>Diese AGB gehen allen \u00e4lteren Bestimmungen und Vertr\u00e4gen vor. Lediglich Regelungen aus Einzelvertr\u00e4gen, die die Regelungen dieser AGB n\u00e4her spezifizieren, haben Vorrang vor diesen AGB. <br \/>13. Salvatorische Klausel <br \/>Sollte eine Bestimmung dieses Vertrages oder einer Anlage dazu ung\u00fcltig sein, ber\u00fchrt diese Ung\u00fcltigkeit nicht die Wirksamkeit des Vertrages als Ganzes. Die Parteien vereinbaren hiermit, dass sie sich im Falle der Feststellung oder Unwirksamkeit einer Bestimmung bem\u00fchen werden, diese durch eine wirksame Bestimmung zu ersetzen, die dem mit der ung\u00fcltigen Bestimmung angestrebten wirtschaftlichen Zweck m\u00f6glichst nahe kommt. Diese Klausel gilt auch f\u00fcr etwaige Vertragsl\u00fccken, wobei sich die Parteien verpflichten, solche L\u00fccken anzugehen und zu beheben, um die Gesamtintegrit\u00e4t der Vereinbarung zu wahren. <br \/>14. ANWENDBARES RECHT\/GERICHTSSTAND <br \/>Diese AGB unterliegen schweizerischem Recht. Soweit nicht zwingende Rechtsvorschriften entgegenstehen, ist das Gericht am Sitz der Gesellschaft zust\u00e4ndig.<\/p>\n\t\t\t\t\t\t\t\t<\/div>\n\t\t\t\t<\/div>\n\t\t\t\t\t<\/div>\n\t\t<\/div>\n\t\t\t\t\t<\/div>\n\t\t<\/section>\n\t\t\t\t<\/div>\n\t\t","protected":false},"excerpt":{"rendered":"<p>Allgemeine Gesch\u00e4ftsbedingungen Version 0.9, 08. Januar 2023 Allgemeine Gesch\u00e4ftsbedingungen (AGB) www.gisoojewels.ch UMFANG Es gelten Bestimmungen f\u00fcr Ihre Nutzung der Website<\/p>\n","protected":false},"author":2,"featured_media":0,"parent":0,"menu_order":0,"comment_status":"closed","ping_status":"closed","template":"","meta":{"footnotes":""},"class_list":["post-1909","page","type-page","status-publish","hentry"],"_links":{"self":[{"href":"https:\/\/www.gisoojewels.ch\/de\/wp-json\/wp\/v2\/pages\/1909","targetHints":{"allow":["GET"]}}],"collection":[{"href":"https:\/\/www.gisoojewels.ch\/de\/wp-json\/wp\/v2\/pages"}],"about":[{"href":"https:\/\/www.gisoojewels.ch\/de\/wp-json\/wp\/v2\/types\/page"}],"author":[{"embeddable":true,"href":"https:\/\/www.gisoojewels.ch\/de\/wp-json\/wp\/v2\/users\/2"}],"replies":[{"embeddable":true,"href":"https:\/\/www.gisoojewels.ch\/de\/wp-json\/wp\/v2\/comments?post=1909"}],"version-history":[{"count":0,"href":"https:\/\/www.gisoojewels.ch\/de\/wp-json\/wp\/v2\/pages\/1909\/revisions"}],"wp:attachment":[{"href":"https:\/\/www.gisoojewels.ch\/de\/wp-json\/wp\/v2\/media?parent=1909"}],"curies":[{"name":"wp","href":"https:\/\/api.w.org\/{rel}","templated":true}]}}